{"id":7106,"date":"2023-01-26T11:29:44","date_gmt":"2023-11-14T09:14:24","guid":{"rendered":"https:\/\/zusje.nl\/winkel\/?post_type=product&#038;p=7106"},"modified":"2025-11-04T10:48:51","modified_gmt":"2025-11-04T09:48:51","slug":"duftkerze-m","status":"publish","type":"product","link":"https:\/\/zusje.nl\/winkel\/de\/produkt\/duftkerze-m\/","title":{"rendered":"Duftkerze M"},"content":{"rendered":"<p><strong>Bisou de la soeur \ud83d\ude18<\/strong><\/p>\n<p>Genie\u00dfen Sie ab jetzt die Duftkerze Bisou de la soeur auch zu Hause. \ud83e\udd70 Der sorgf\u00e4ltig komponierte Duft ist vom Ambiente von Zusje inspiriert und damit holen Sie sich die warme und gem\u00fctliche Atmosph\u00e4re von Zusje in Ihr Zuhause! \ud83d\ude0d<\/p>\n<p><strong>Spezifikationen:<\/strong><\/p>\n<ul>\n<li>40 Brennstunden<\/li>\n<li>Die Duftkerze hat einen Durchmesser von 8 cm und eine H\u00f6he von 9,5 cm.<\/li>\n<\/ul>\n<p>F\u00fcr eine optimale Nutzung beachten Sie bitte die Brennanweisungen und Warnhinweise. Sie finden sie <a href=\"https:\/\/zusje.nl\/winkel\/wp-content\/uploads\/2023\/01\/Brandinstructie-Bisou-de-la-Soeur-geurkaars.pdf\">hier<\/a> (nur auf Niederl\u00e4ndisch verf\u00fcgbar).<\/p>\n","protected":false},"excerpt":{"rendered":"<p>Genie\u00dfen Sie die Bisou de la soeur Duftkerze von nun an zu Hause.<\/p>\n","protected":false},"featured_media":11611,"comment_status":"closed","ping_status":"closed","template":"","meta":{"_acf_changed":false},"product_brand":[],"product_cat":[39],"product_tag":[],"class_list":{"0":"post-7106","1":"product","2":"type-product","3":"status-publish","4":"has-post-thumbnail","6":"product_cat-unkategorisiert","7":"product_shipping_class-geschenkpaket","9":"first","10":"instock","11":"shipping-taxable","12":"purchasable","13":"product-type-simple"},"exclude_global_add_ons":[],"addons":[],"acf":[],"yoast_head":"<!-- This site is optimized with the Yoast SEO plugin v27.3 - https:\/\/yoast.com\/product\/yoast-seo-wordpress\/ -->\n<title>Duftkerze M - Zusje Shop<\/title>\n<meta name=\"robots\" content=\"index, follow, max-snippet:-1, max-image-preview:large, max-video-preview:-1\" \/>\n<link rel=\"canonical\" href=\"https:\/\/zusje.nl\/winkel\/de\/produkt\/duftkerze-m\/\" \/>\n<meta property=\"og:locale\" content=\"de_DE\" \/>\n<meta property=\"og:type\" content=\"article\" \/>\n<meta property=\"og:title\" content=\"Duftkerze M - Zusje Shop\" \/>\n<meta property=\"og:description\" content=\"Genie\u00dfen Sie die Bisou de la soeur Duftkerze von nun an zu Hause.\" \/>\n<meta property=\"og:url\" content=\"https:\/\/zusje.nl\/winkel\/de\/produkt\/duftkerze-m\/\" \/>\n<meta property=\"og:site_name\" content=\"Zusje Shop\" \/>\n<meta property=\"article:modified_time\" content=\"2025-11-04T09:48:51+00:00\" \/>\n<meta property=\"og:image\" content=\"https:\/\/zusje.nl\/winkel\/wp-content\/uploads\/2023\/01\/6.png\" \/>\n\t<meta property=\"og:image:width\" content=\"1024\" \/>\n\t<meta property=\"og:image:height\" content=\"768\" \/>\n\t<meta property=\"og:image:type\" content=\"image\/png\" \/>\n<meta name=\"twitter:card\" content=\"summary_large_image\" \/>\n<meta name=\"twitter:label1\" content=\"Gesch\u00e4tzte Lesezeit\" \/>\n\t<meta name=\"twitter:data1\" content=\"1\u00a0Minute\" \/>\n<script type=\"application\/ld+json\" class=\"yoast-schema-graph\">{\"@context\":\"https:\\\/\\\/schema.org\",\"@graph\":[{\"@type\":\"WebPage\",\"@id\":\"https:\\\/\\\/zusje.nl\\\/winkel\\\/de\\\/produkt\\\/duftkerze-m\\\/\",\"url\":\"https:\\\/\\\/zusje.nl\\\/winkel\\\/de\\\/produkt\\\/duftkerze-m\\\/\",\"name\":\"Duftkerze M - Zusje Shop\",\"isPartOf\":{\"@id\":\"https:\\\/\\\/zusje.nl\\\/winkel\\\/de\\\/#website\"},\"primaryImageOfPage\":{\"@id\":\"https:\\\/\\\/zusje.nl\\\/winkel\\\/de\\\/produkt\\\/duftkerze-m\\\/#primaryimage\"},\"image\":{\"@id\":\"https:\\\/\\\/zusje.nl\\\/winkel\\\/de\\\/produkt\\\/duftkerze-m\\\/#primaryimage\"},\"thumbnailUrl\":\"https:\\\/\\\/zusje.nl\\\/winkel\\\/wp-content\\\/uploads\\\/2023\\\/01\\\/6.png\",\"datePublished\":\"2023-11-14T09:14:24+00:00\",\"dateModified\":\"2025-11-04T09:48:51+00:00\",\"inLanguage\":\"de\",\"potentialAction\":[{\"@type\":\"ReadAction\",\"target\":[\"https:\\\/\\\/zusje.nl\\\/winkel\\\/de\\\/produkt\\\/duftkerze-m\\\/\"]}]},{\"@type\":\"ImageObject\",\"inLanguage\":\"de\",\"@id\":\"https:\\\/\\\/zusje.nl\\\/winkel\\\/de\\\/produkt\\\/duftkerze-m\\\/#primaryimage\",\"url\":\"https:\\\/\\\/zusje.nl\\\/winkel\\\/wp-content\\\/uploads\\\/2023\\\/01\\\/6.png\",\"contentUrl\":\"https:\\\/\\\/zusje.nl\\\/winkel\\\/wp-content\\\/uploads\\\/2023\\\/01\\\/6.png\",\"width\":1024,\"height\":768},{\"@type\":\"WebSite\",\"@id\":\"https:\\\/\\\/zusje.nl\\\/winkel\\\/de\\\/#website\",\"url\":\"https:\\\/\\\/zusje.nl\\\/winkel\\\/de\\\/\",\"name\":\"Zusje Shop\",\"description\":\"\",\"publisher\":{\"@id\":\"https:\\\/\\\/zusje.nl\\\/winkel\\\/de\\\/#organization\"},\"potentialAction\":[{\"@type\":\"SearchAction\",\"target\":{\"@type\":\"EntryPoint\",\"urlTemplate\":\"https:\\\/\\\/zusje.nl\\\/winkel\\\/de\\\/?s={search_term_string}\"},\"query-input\":{\"@type\":\"PropertyValueSpecification\",\"valueRequired\":true,\"valueName\":\"search_term_string\"}}],\"inLanguage\":\"de\"},{\"@type\":\"Organization\",\"@id\":\"https:\\\/\\\/zusje.nl\\\/winkel\\\/de\\\/#organization\",\"name\":\"Zusje Shop\",\"url\":\"https:\\\/\\\/zusje.nl\\\/winkel\\\/de\\\/\",\"logo\":{\"@type\":\"ImageObject\",\"inLanguage\":\"de\",\"@id\":\"https:\\\/\\\/zusje.nl\\\/winkel\\\/de\\\/#\\\/schema\\\/logo\\\/image\\\/\",\"url\":\"https:\\\/\\\/zusje.nl\\\/winkel\\\/wp-content\\\/uploads\\\/2021\\\/03\\\/t-zusje-logo.png\",\"contentUrl\":\"https:\\\/\\\/zusje.nl\\\/winkel\\\/wp-content\\\/uploads\\\/2021\\\/03\\\/t-zusje-logo.png\",\"width\":240,\"height\":153,\"caption\":\"Zusje Shop\"},\"image\":{\"@id\":\"https:\\\/\\\/zusje.nl\\\/winkel\\\/de\\\/#\\\/schema\\\/logo\\\/image\\\/\"}}]}<\/script>\n<!-- \/ Yoast SEO plugin. -->","yoast_head_json":{"title":"Duftkerze M - Zusje Shop","robots":{"index":"index","follow":"follow","max-snippet":"max-snippet:-1","max-image-preview":"max-image-preview:large","max-video-preview":"max-video-preview:-1"},"canonical":"https:\/\/zusje.nl\/winkel\/de\/produkt\/duftkerze-m\/","og_locale":"de_DE","og_type":"article","og_title":"Duftkerze M - Zusje Shop","og_description":"Genie\u00dfen Sie die Bisou de la soeur Duftkerze von nun an zu Hause.","og_url":"https:\/\/zusje.nl\/winkel\/de\/produkt\/duftkerze-m\/","og_site_name":"Zusje Shop","article_modified_time":"2025-11-04T09:48:51+00:00","og_image":[{"width":1024,"height":768,"url":"https:\/\/zusje.nl\/winkel\/wp-content\/uploads\/2023\/01\/6.png","type":"image\/png"}],"twitter_card":"summary_large_image","twitter_misc":{"Gesch\u00e4tzte Lesezeit":"1\u00a0Minute"},"schema":{"@context":"https:\/\/schema.org","@graph":[{"@type":"WebPage","@id":"https:\/\/zusje.nl\/winkel\/de\/produkt\/duftkerze-m\/","url":"https:\/\/zusje.nl\/winkel\/de\/produkt\/duftkerze-m\/","name":"Duftkerze M - Zusje Shop","isPartOf":{"@id":"https:\/\/zusje.nl\/winkel\/de\/#website"},"primaryImageOfPage":{"@id":"https:\/\/zusje.nl\/winkel\/de\/produkt\/duftkerze-m\/#primaryimage"},"image":{"@id":"https:\/\/zusje.nl\/winkel\/de\/produkt\/duftkerze-m\/#primaryimage"},"thumbnailUrl":"https:\/\/zusje.nl\/winkel\/wp-content\/uploads\/2023\/01\/6.png","datePublished":"2023-11-14T09:14:24+00:00","dateModified":"2025-11-04T09:48:51+00:00","inLanguage":"de","potentialAction":[{"@type":"ReadAction","target":["https:\/\/zusje.nl\/winkel\/de\/produkt\/duftkerze-m\/"]}]},{"@type":"ImageObject","inLanguage":"de","@id":"https:\/\/zusje.nl\/winkel\/de\/produkt\/duftkerze-m\/#primaryimage","url":"https:\/\/zusje.nl\/winkel\/wp-content\/uploads\/2023\/01\/6.png","contentUrl":"https:\/\/zusje.nl\/winkel\/wp-content\/uploads\/2023\/01\/6.png","width":1024,"height":768},{"@type":"WebSite","@id":"https:\/\/zusje.nl\/winkel\/de\/#website","url":"https:\/\/zusje.nl\/winkel\/de\/","name":"Zusje Shop","description":"","publisher":{"@id":"https:\/\/zusje.nl\/winkel\/de\/#organization"},"potentialAction":[{"@type":"SearchAction","target":{"@type":"EntryPoint","urlTemplate":"https:\/\/zusje.nl\/winkel\/de\/?s={search_term_string}"},"query-input":{"@type":"PropertyValueSpecification","valueRequired":true,"valueName":"search_term_string"}}],"inLanguage":"de"},{"@type":"Organization","@id":"https:\/\/zusje.nl\/winkel\/de\/#organization","name":"Zusje Shop","url":"https:\/\/zusje.nl\/winkel\/de\/","logo":{"@type":"ImageObject","inLanguage":"de","@id":"https:\/\/zusje.nl\/winkel\/de\/#\/schema\/logo\/image\/","url":"https:\/\/zusje.nl\/winkel\/wp-content\/uploads\/2021\/03\/t-zusje-logo.png","contentUrl":"https:\/\/zusje.nl\/winkel\/wp-content\/uploads\/2021\/03\/t-zusje-logo.png","width":240,"height":153,"caption":"Zusje Shop"},"image":{"@id":"https:\/\/zusje.nl\/winkel\/de\/#\/schema\/logo\/image\/"}}]}},"_links":{"self":[{"href":"https:\/\/zusje.nl\/winkel\/de\/wp-json\/wp\/v2\/product\/7106","targetHints":{"allow":["GET"]}}],"collection":[{"href":"https:\/\/zusje.nl\/winkel\/de\/wp-json\/wp\/v2\/product"}],"about":[{"href":"https:\/\/zusje.nl\/winkel\/de\/wp-json\/wp\/v2\/types\/product"}],"replies":[{"embeddable":true,"href":"https:\/\/zusje.nl\/winkel\/de\/wp-json\/wp\/v2\/comments?post=7106"}],"wp:featuredmedia":[{"embeddable":true,"href":"https:\/\/zusje.nl\/winkel\/de\/wp-json\/wp\/v2\/media\/11611"}],"wp:attachment":[{"href":"https:\/\/zusje.nl\/winkel\/de\/wp-json\/wp\/v2\/media?parent=7106"}],"wp:term":[{"taxonomy":"product_brand","embeddable":true,"href":"https:\/\/zusje.nl\/winkel\/de\/wp-json\/wp\/v2\/product_brand?post=7106"},{"taxonomy":"product_cat","embeddable":true,"href":"https:\/\/zusje.nl\/winkel\/de\/wp-json\/wp\/v2\/product_cat?post=7106"},{"taxonomy":"product_tag","embeddable":true,"href":"https:\/\/zusje.nl\/winkel\/de\/wp-json\/wp\/v2\/product_tag?post=7106"}],"curies":[{"name":"wp","href":"https:\/\/api.w.org\/{rel}","templated":true}]}}