{"id":10613,"date":"2024-11-21T17:11:39","date_gmt":"2024-11-25T12:09:44","guid":{"rendered":"https:\/\/zusje.nl\/winkel\/?post_type=product&#038;p=10613"},"modified":"2025-11-04T10:56:31","modified_gmt":"2025-11-04T09:56:31","slug":"t-zusje-armband-charms","status":"publish","type":"product","link":"https:\/\/zusje.nl\/winkel\/de\/produkt\/t-zusje-armband-charms\/","title":{"rendered":"Zusje Armband Charms"},"content":{"rendered":"<p>Dieses stilvolle Schmuckst\u00fcck ist ein echtes Must-Have f\u00fcr jede Gelegenheit. Die drei bezaubernden Glieder &#8211; ein Engel, ein Portr\u00e4t und eine Uhr &#8211; verspr\u00fchen einen einzigartigen Charme. Perfekt, um Ihr Handgelenk zu schm\u00fccken! \u2728\ud83e\udd29<\/p>\n<p>Hergestellt aus rostfreiem Stahl, verf\u00e4rbt sich nicht<br \/>\nDas Armband ist 18 cm lang, wovon 3 cm verstellbar sind.<br \/>\nDie Charms haben folgende Ma\u00dfe:<br \/>\n* Die kleine Uhr ist 1 cm lang<br \/>\n* Das Portr\u00e4t ist 1,5 cm lang<br \/>\n* Der Engel ist 1,5 cm lang<\/p>\n","protected":false},"excerpt":{"rendered":"<p>Dieses stilvolle Schmuckst\u00fcck ist ein echtes Must-Have f\u00fcr jede Gelegenheit. Die drei bezaubernden Glieder &#8211; ein Engel, ein Portr\u00e4t und &hellip;<\/p>\n","protected":false},"featured_media":11597,"comment_status":"closed","ping_status":"closed","template":"","meta":{"_acf_changed":false},"product_brand":[],"product_cat":[37],"product_tag":[],"class_list":{"0":"post-10613","1":"product","2":"type-product","3":"status-publish","4":"has-post-thumbnail","6":"product_cat-geschenkgutschein","8":"first","9":"instock","10":"shipping-taxable","11":"purchasable","12":"product-type-simple"},"exclude_global_add_ons":[],"addons":[],"acf":[],"yoast_head":"<!-- This site is optimized with the Yoast SEO plugin v27.3 - https:\/\/yoast.com\/product\/yoast-seo-wordpress\/ -->\n<title>Zusje Armband Charms - Zusje Shop<\/title>\n<meta name=\"robots\" content=\"index, follow, max-snippet:-1, max-image-preview:large, max-video-preview:-1\" \/>\n<link rel=\"canonical\" href=\"https:\/\/zusje.nl\/winkel\/de\/produkt\/t-zusje-armband-charms\/\" \/>\n<meta property=\"og:locale\" content=\"de_DE\" \/>\n<meta property=\"og:type\" content=\"article\" \/>\n<meta property=\"og:title\" content=\"Zusje Armband Charms - Zusje Shop\" \/>\n<meta property=\"og:description\" content=\"Dieses stilvolle Schmuckst\u00fcck ist ein echtes Must-Have f\u00fcr jede Gelegenheit. Die drei bezaubernden Glieder &#8211; ein Engel, ein Portr\u00e4t und &hellip;\" \/>\n<meta property=\"og:url\" content=\"https:\/\/zusje.nl\/winkel\/de\/produkt\/t-zusje-armband-charms\/\" \/>\n<meta property=\"og:site_name\" content=\"Zusje Shop\" \/>\n<meta property=\"article:modified_time\" content=\"2025-11-04T09:56:31+00:00\" \/>\n<meta property=\"og:image\" content=\"https:\/\/zusje.nl\/winkel\/wp-content\/uploads\/2024\/11\/10.png\" \/>\n\t<meta property=\"og:image:width\" content=\"1024\" \/>\n\t<meta property=\"og:image:height\" content=\"768\" \/>\n\t<meta property=\"og:image:type\" content=\"image\/png\" \/>\n<meta name=\"twitter:card\" content=\"summary_large_image\" \/>\n<meta name=\"twitter:label1\" content=\"Gesch\u00e4tzte Lesezeit\" \/>\n\t<meta name=\"twitter:data1\" content=\"1\u00a0Minute\" \/>\n<script type=\"application\/ld+json\" class=\"yoast-schema-graph\">{\"@context\":\"https:\\\/\\\/schema.org\",\"@graph\":[{\"@type\":\"WebPage\",\"@id\":\"https:\\\/\\\/zusje.nl\\\/winkel\\\/de\\\/produkt\\\/t-zusje-armband-charms\\\/\",\"url\":\"https:\\\/\\\/zusje.nl\\\/winkel\\\/de\\\/produkt\\\/t-zusje-armband-charms\\\/\",\"name\":\"Zusje Armband Charms - Zusje Shop\",\"isPartOf\":{\"@id\":\"https:\\\/\\\/zusje.nl\\\/winkel\\\/de\\\/#website\"},\"primaryImageOfPage\":{\"@id\":\"https:\\\/\\\/zusje.nl\\\/winkel\\\/de\\\/produkt\\\/t-zusje-armband-charms\\\/#primaryimage\"},\"image\":{\"@id\":\"https:\\\/\\\/zusje.nl\\\/winkel\\\/de\\\/produkt\\\/t-zusje-armband-charms\\\/#primaryimage\"},\"thumbnailUrl\":\"https:\\\/\\\/zusje.nl\\\/winkel\\\/wp-content\\\/uploads\\\/2024\\\/11\\\/10.png\",\"datePublished\":\"2024-11-25T12:09:44+00:00\",\"dateModified\":\"2025-11-04T09:56:31+00:00\",\"inLanguage\":\"de\",\"potentialAction\":[{\"@type\":\"ReadAction\",\"target\":[\"https:\\\/\\\/zusje.nl\\\/winkel\\\/de\\\/produkt\\\/t-zusje-armband-charms\\\/\"]}]},{\"@type\":\"ImageObject\",\"inLanguage\":\"de\",\"@id\":\"https:\\\/\\\/zusje.nl\\\/winkel\\\/de\\\/produkt\\\/t-zusje-armband-charms\\\/#primaryimage\",\"url\":\"https:\\\/\\\/zusje.nl\\\/winkel\\\/wp-content\\\/uploads\\\/2024\\\/11\\\/10.png\",\"contentUrl\":\"https:\\\/\\\/zusje.nl\\\/winkel\\\/wp-content\\\/uploads\\\/2024\\\/11\\\/10.png\",\"width\":1024,\"height\":768},{\"@type\":\"WebSite\",\"@id\":\"https:\\\/\\\/zusje.nl\\\/winkel\\\/de\\\/#website\",\"url\":\"https:\\\/\\\/zusje.nl\\\/winkel\\\/de\\\/\",\"name\":\"Zusje Shop\",\"description\":\"\",\"publisher\":{\"@id\":\"https:\\\/\\\/zusje.nl\\\/winkel\\\/de\\\/#organization\"},\"potentialAction\":[{\"@type\":\"SearchAction\",\"target\":{\"@type\":\"EntryPoint\",\"urlTemplate\":\"https:\\\/\\\/zusje.nl\\\/winkel\\\/de\\\/?s={search_term_string}\"},\"query-input\":{\"@type\":\"PropertyValueSpecification\",\"valueRequired\":true,\"valueName\":\"search_term_string\"}}],\"inLanguage\":\"de\"},{\"@type\":\"Organization\",\"@id\":\"https:\\\/\\\/zusje.nl\\\/winkel\\\/de\\\/#organization\",\"name\":\"Zusje Shop\",\"url\":\"https:\\\/\\\/zusje.nl\\\/winkel\\\/de\\\/\",\"logo\":{\"@type\":\"ImageObject\",\"inLanguage\":\"de\",\"@id\":\"https:\\\/\\\/zusje.nl\\\/winkel\\\/de\\\/#\\\/schema\\\/logo\\\/image\\\/\",\"url\":\"https:\\\/\\\/zusje.nl\\\/winkel\\\/wp-content\\\/uploads\\\/2021\\\/03\\\/t-zusje-logo.png\",\"contentUrl\":\"https:\\\/\\\/zusje.nl\\\/winkel\\\/wp-content\\\/uploads\\\/2021\\\/03\\\/t-zusje-logo.png\",\"width\":240,\"height\":153,\"caption\":\"Zusje Shop\"},\"image\":{\"@id\":\"https:\\\/\\\/zusje.nl\\\/winkel\\\/de\\\/#\\\/schema\\\/logo\\\/image\\\/\"}}]}<\/script>\n<!-- \/ Yoast SEO plugin. -->","yoast_head_json":{"title":"Zusje Armband Charms - Zusje Shop","robots":{"index":"index","follow":"follow","max-snippet":"max-snippet:-1","max-image-preview":"max-image-preview:large","max-video-preview":"max-video-preview:-1"},"canonical":"https:\/\/zusje.nl\/winkel\/de\/produkt\/t-zusje-armband-charms\/","og_locale":"de_DE","og_type":"article","og_title":"Zusje Armband Charms - Zusje Shop","og_description":"Dieses stilvolle Schmuckst\u00fcck ist ein echtes Must-Have f\u00fcr jede Gelegenheit. Die drei bezaubernden Glieder &#8211; ein Engel, ein Portr\u00e4t und &hellip;","og_url":"https:\/\/zusje.nl\/winkel\/de\/produkt\/t-zusje-armband-charms\/","og_site_name":"Zusje Shop","article_modified_time":"2025-11-04T09:56:31+00:00","og_image":[{"width":1024,"height":768,"url":"https:\/\/zusje.nl\/winkel\/wp-content\/uploads\/2024\/11\/10.png","type":"image\/png"}],"twitter_card":"summary_large_image","twitter_misc":{"Gesch\u00e4tzte Lesezeit":"1\u00a0Minute"},"schema":{"@context":"https:\/\/schema.org","@graph":[{"@type":"WebPage","@id":"https:\/\/zusje.nl\/winkel\/de\/produkt\/t-zusje-armband-charms\/","url":"https:\/\/zusje.nl\/winkel\/de\/produkt\/t-zusje-armband-charms\/","name":"Zusje Armband Charms - Zusje Shop","isPartOf":{"@id":"https:\/\/zusje.nl\/winkel\/de\/#website"},"primaryImageOfPage":{"@id":"https:\/\/zusje.nl\/winkel\/de\/produkt\/t-zusje-armband-charms\/#primaryimage"},"image":{"@id":"https:\/\/zusje.nl\/winkel\/de\/produkt\/t-zusje-armband-charms\/#primaryimage"},"thumbnailUrl":"https:\/\/zusje.nl\/winkel\/wp-content\/uploads\/2024\/11\/10.png","datePublished":"2024-11-25T12:09:44+00:00","dateModified":"2025-11-04T09:56:31+00:00","inLanguage":"de","potentialAction":[{"@type":"ReadAction","target":["https:\/\/zusje.nl\/winkel\/de\/produkt\/t-zusje-armband-charms\/"]}]},{"@type":"ImageObject","inLanguage":"de","@id":"https:\/\/zusje.nl\/winkel\/de\/produkt\/t-zusje-armband-charms\/#primaryimage","url":"https:\/\/zusje.nl\/winkel\/wp-content\/uploads\/2024\/11\/10.png","contentUrl":"https:\/\/zusje.nl\/winkel\/wp-content\/uploads\/2024\/11\/10.png","width":1024,"height":768},{"@type":"WebSite","@id":"https:\/\/zusje.nl\/winkel\/de\/#website","url":"https:\/\/zusje.nl\/winkel\/de\/","name":"Zusje Shop","description":"","publisher":{"@id":"https:\/\/zusje.nl\/winkel\/de\/#organization"},"potentialAction":[{"@type":"SearchAction","target":{"@type":"EntryPoint","urlTemplate":"https:\/\/zusje.nl\/winkel\/de\/?s={search_term_string}"},"query-input":{"@type":"PropertyValueSpecification","valueRequired":true,"valueName":"search_term_string"}}],"inLanguage":"de"},{"@type":"Organization","@id":"https:\/\/zusje.nl\/winkel\/de\/#organization","name":"Zusje Shop","url":"https:\/\/zusje.nl\/winkel\/de\/","logo":{"@type":"ImageObject","inLanguage":"de","@id":"https:\/\/zusje.nl\/winkel\/de\/#\/schema\/logo\/image\/","url":"https:\/\/zusje.nl\/winkel\/wp-content\/uploads\/2021\/03\/t-zusje-logo.png","contentUrl":"https:\/\/zusje.nl\/winkel\/wp-content\/uploads\/2021\/03\/t-zusje-logo.png","width":240,"height":153,"caption":"Zusje Shop"},"image":{"@id":"https:\/\/zusje.nl\/winkel\/de\/#\/schema\/logo\/image\/"}}]}},"_links":{"self":[{"href":"https:\/\/zusje.nl\/winkel\/de\/wp-json\/wp\/v2\/product\/10613","targetHints":{"allow":["GET"]}}],"collection":[{"href":"https:\/\/zusje.nl\/winkel\/de\/wp-json\/wp\/v2\/product"}],"about":[{"href":"https:\/\/zusje.nl\/winkel\/de\/wp-json\/wp\/v2\/types\/product"}],"replies":[{"embeddable":true,"href":"https:\/\/zusje.nl\/winkel\/de\/wp-json\/wp\/v2\/comments?post=10613"}],"wp:featuredmedia":[{"embeddable":true,"href":"https:\/\/zusje.nl\/winkel\/de\/wp-json\/wp\/v2\/media\/11597"}],"wp:attachment":[{"href":"https:\/\/zusje.nl\/winkel\/de\/wp-json\/wp\/v2\/media?parent=10613"}],"wp:term":[{"taxonomy":"product_brand","embeddable":true,"href":"https:\/\/zusje.nl\/winkel\/de\/wp-json\/wp\/v2\/product_brand?post=10613"},{"taxonomy":"product_cat","embeddable":true,"href":"https:\/\/zusje.nl\/winkel\/de\/wp-json\/wp\/v2\/product_cat?post=10613"},{"taxonomy":"product_tag","embeddable":true,"href":"https:\/\/zusje.nl\/winkel\/de\/wp-json\/wp\/v2\/product_tag?post=10613"}],"curies":[{"name":"wp","href":"https:\/\/api.w.org\/{rel}","templated":true}]}}