{"id":10155,"date":"2024-10-10T15:10:01","date_gmt":"2024-10-10T13:10:01","guid":{"rendered":"https:\/\/zusje.nl\/winkel\/?post_type=product&#038;p=10155"},"modified":"2025-11-04T10:51:16","modified_gmt":"2025-11-04T09:51:16","slug":"t-zusje-weihnachtskugelset","status":"publish","type":"product","link":"https:\/\/zusje.nl\/winkel\/de\/produkt\/t-zusje-weihnachtskugelset\/","title":{"rendered":"Zusje Weihnachtskugelset"},"content":{"rendered":"<p>Lassen Sie die Magie der Feiertage mit unseren bezaubernden Zusje-Weihnachtskugeln durchscheinen! Bringen Sie die einzigartige Zusje-Atmosph\u00e4re in Ihr Zuhause. Diese Kugeln sind ein wunderbares Geschenk f\u00fcr echte Zusje-Fans, f\u00fcr Ihre geliebte Familie und Freunde oder einfach f\u00fcr Sie selbst! K\u00f6nnen Sie sich nicht zwischen den drei Kugeln entscheiden? Dann sind Sie bei uns genau richtig!<\/p>\n<p>Suchen Sie eine unserer individuellen Kugeln? <a href=\"https:\/\/zusje.nl\/winkel\/de\/\">Hier<\/a> findest du sie.<\/p>\n","protected":false},"excerpt":{"rendered":"<p>Bringen Sie Ihren Weihnachtsbaum mit unserem zauberhaften Weihnachtskugelset zum Leuchten!<\/p>\n","protected":false},"featured_media":10154,"comment_status":"closed","ping_status":"closed","template":"","meta":{"_acf_changed":false},"product_brand":[],"product_cat":[36],"product_tag":[],"class_list":{"0":"post-10155","1":"product","2":"type-product","3":"status-publish","4":"has-post-thumbnail","6":"product_cat-geschenkpaket","7":"product_shipping_class-geschenkpaket","9":"first","10":"instock","11":"sale","12":"shipping-taxable","13":"purchasable","14":"product-type-simple"},"exclude_global_add_ons":[],"addons":[],"acf":[],"yoast_head":"<!-- This site is optimized with the Yoast SEO plugin v27.3 - https:\/\/yoast.com\/product\/yoast-seo-wordpress\/ -->\n<title>Zusje Weihnachtskugelset - Zusje Shop<\/title>\n<meta name=\"robots\" content=\"index, follow, max-snippet:-1, max-image-preview:large, max-video-preview:-1\" \/>\n<link rel=\"canonical\" href=\"https:\/\/zusje.nl\/winkel\/de\/produkt\/t-zusje-weihnachtskugelset\/\" \/>\n<meta property=\"og:locale\" content=\"de_DE\" \/>\n<meta property=\"og:type\" content=\"article\" \/>\n<meta property=\"og:title\" content=\"Zusje Weihnachtskugelset - Zusje Shop\" \/>\n<meta property=\"og:description\" content=\"Bringen Sie Ihren Weihnachtsbaum mit unserem zauberhaften Weihnachtskugelset zum Leuchten!\" \/>\n<meta property=\"og:url\" content=\"https:\/\/zusje.nl\/winkel\/de\/produkt\/t-zusje-weihnachtskugelset\/\" \/>\n<meta property=\"og:site_name\" content=\"Zusje Shop\" \/>\n<meta property=\"article:modified_time\" content=\"2025-11-04T09:51:16+00:00\" \/>\n<meta property=\"og:image\" content=\"https:\/\/zusje.nl\/winkel\/wp-content\/uploads\/2024\/10\/Kerstbalset-zonder-tekst.png\" \/>\n\t<meta property=\"og:image:width\" content=\"1080\" \/>\n\t<meta property=\"og:image:height\" content=\"1080\" \/>\n\t<meta property=\"og:image:type\" content=\"image\/png\" \/>\n<meta name=\"twitter:card\" content=\"summary_large_image\" \/>\n<meta name=\"twitter:label1\" content=\"Gesch\u00e4tzte Lesezeit\" \/>\n\t<meta name=\"twitter:data1\" content=\"1\u00a0Minute\" \/>\n<script type=\"application\/ld+json\" class=\"yoast-schema-graph\">{\"@context\":\"https:\\\/\\\/schema.org\",\"@graph\":[{\"@type\":\"WebPage\",\"@id\":\"https:\\\/\\\/zusje.nl\\\/winkel\\\/de\\\/produkt\\\/t-zusje-weihnachtskugelset\\\/\",\"url\":\"https:\\\/\\\/zusje.nl\\\/winkel\\\/de\\\/produkt\\\/t-zusje-weihnachtskugelset\\\/\",\"name\":\"Zusje Weihnachtskugelset - Zusje Shop\",\"isPartOf\":{\"@id\":\"https:\\\/\\\/zusje.nl\\\/winkel\\\/de\\\/#website\"},\"primaryImageOfPage\":{\"@id\":\"https:\\\/\\\/zusje.nl\\\/winkel\\\/de\\\/produkt\\\/t-zusje-weihnachtskugelset\\\/#primaryimage\"},\"image\":{\"@id\":\"https:\\\/\\\/zusje.nl\\\/winkel\\\/de\\\/produkt\\\/t-zusje-weihnachtskugelset\\\/#primaryimage\"},\"thumbnailUrl\":\"https:\\\/\\\/zusje.nl\\\/winkel\\\/wp-content\\\/uploads\\\/2024\\\/10\\\/Kerstbalset-zonder-tekst.png\",\"datePublished\":\"2024-10-10T13:10:01+00:00\",\"dateModified\":\"2025-11-04T09:51:16+00:00\",\"inLanguage\":\"de\",\"potentialAction\":[{\"@type\":\"ReadAction\",\"target\":[\"https:\\\/\\\/zusje.nl\\\/winkel\\\/de\\\/produkt\\\/t-zusje-weihnachtskugelset\\\/\"]}]},{\"@type\":\"ImageObject\",\"inLanguage\":\"de\",\"@id\":\"https:\\\/\\\/zusje.nl\\\/winkel\\\/de\\\/produkt\\\/t-zusje-weihnachtskugelset\\\/#primaryimage\",\"url\":\"https:\\\/\\\/zusje.nl\\\/winkel\\\/wp-content\\\/uploads\\\/2024\\\/10\\\/Kerstbalset-zonder-tekst.png\",\"contentUrl\":\"https:\\\/\\\/zusje.nl\\\/winkel\\\/wp-content\\\/uploads\\\/2024\\\/10\\\/Kerstbalset-zonder-tekst.png\",\"width\":1080,\"height\":1080},{\"@type\":\"WebSite\",\"@id\":\"https:\\\/\\\/zusje.nl\\\/winkel\\\/de\\\/#website\",\"url\":\"https:\\\/\\\/zusje.nl\\\/winkel\\\/de\\\/\",\"name\":\"Zusje Shop\",\"description\":\"\",\"publisher\":{\"@id\":\"https:\\\/\\\/zusje.nl\\\/winkel\\\/de\\\/#organization\"},\"potentialAction\":[{\"@type\":\"SearchAction\",\"target\":{\"@type\":\"EntryPoint\",\"urlTemplate\":\"https:\\\/\\\/zusje.nl\\\/winkel\\\/de\\\/?s={search_term_string}\"},\"query-input\":{\"@type\":\"PropertyValueSpecification\",\"valueRequired\":true,\"valueName\":\"search_term_string\"}}],\"inLanguage\":\"de\"},{\"@type\":\"Organization\",\"@id\":\"https:\\\/\\\/zusje.nl\\\/winkel\\\/de\\\/#organization\",\"name\":\"Zusje Shop\",\"url\":\"https:\\\/\\\/zusje.nl\\\/winkel\\\/de\\\/\",\"logo\":{\"@type\":\"ImageObject\",\"inLanguage\":\"de\",\"@id\":\"https:\\\/\\\/zusje.nl\\\/winkel\\\/de\\\/#\\\/schema\\\/logo\\\/image\\\/\",\"url\":\"https:\\\/\\\/zusje.nl\\\/winkel\\\/wp-content\\\/uploads\\\/2021\\\/03\\\/t-zusje-logo.png\",\"contentUrl\":\"https:\\\/\\\/zusje.nl\\\/winkel\\\/wp-content\\\/uploads\\\/2021\\\/03\\\/t-zusje-logo.png\",\"width\":240,\"height\":153,\"caption\":\"Zusje Shop\"},\"image\":{\"@id\":\"https:\\\/\\\/zusje.nl\\\/winkel\\\/de\\\/#\\\/schema\\\/logo\\\/image\\\/\"}}]}<\/script>\n<!-- \/ Yoast SEO plugin. -->","yoast_head_json":{"title":"Zusje Weihnachtskugelset - Zusje Shop","robots":{"index":"index","follow":"follow","max-snippet":"max-snippet:-1","max-image-preview":"max-image-preview:large","max-video-preview":"max-video-preview:-1"},"canonical":"https:\/\/zusje.nl\/winkel\/de\/produkt\/t-zusje-weihnachtskugelset\/","og_locale":"de_DE","og_type":"article","og_title":"Zusje Weihnachtskugelset - Zusje Shop","og_description":"Bringen Sie Ihren Weihnachtsbaum mit unserem zauberhaften Weihnachtskugelset zum Leuchten!","og_url":"https:\/\/zusje.nl\/winkel\/de\/produkt\/t-zusje-weihnachtskugelset\/","og_site_name":"Zusje Shop","article_modified_time":"2025-11-04T09:51:16+00:00","og_image":[{"width":1080,"height":1080,"url":"https:\/\/zusje.nl\/winkel\/wp-content\/uploads\/2024\/10\/Kerstbalset-zonder-tekst.png","type":"image\/png"}],"twitter_card":"summary_large_image","twitter_misc":{"Gesch\u00e4tzte Lesezeit":"1\u00a0Minute"},"schema":{"@context":"https:\/\/schema.org","@graph":[{"@type":"WebPage","@id":"https:\/\/zusje.nl\/winkel\/de\/produkt\/t-zusje-weihnachtskugelset\/","url":"https:\/\/zusje.nl\/winkel\/de\/produkt\/t-zusje-weihnachtskugelset\/","name":"Zusje Weihnachtskugelset - Zusje Shop","isPartOf":{"@id":"https:\/\/zusje.nl\/winkel\/de\/#website"},"primaryImageOfPage":{"@id":"https:\/\/zusje.nl\/winkel\/de\/produkt\/t-zusje-weihnachtskugelset\/#primaryimage"},"image":{"@id":"https:\/\/zusje.nl\/winkel\/de\/produkt\/t-zusje-weihnachtskugelset\/#primaryimage"},"thumbnailUrl":"https:\/\/zusje.nl\/winkel\/wp-content\/uploads\/2024\/10\/Kerstbalset-zonder-tekst.png","datePublished":"2024-10-10T13:10:01+00:00","dateModified":"2025-11-04T09:51:16+00:00","inLanguage":"de","potentialAction":[{"@type":"ReadAction","target":["https:\/\/zusje.nl\/winkel\/de\/produkt\/t-zusje-weihnachtskugelset\/"]}]},{"@type":"ImageObject","inLanguage":"de","@id":"https:\/\/zusje.nl\/winkel\/de\/produkt\/t-zusje-weihnachtskugelset\/#primaryimage","url":"https:\/\/zusje.nl\/winkel\/wp-content\/uploads\/2024\/10\/Kerstbalset-zonder-tekst.png","contentUrl":"https:\/\/zusje.nl\/winkel\/wp-content\/uploads\/2024\/10\/Kerstbalset-zonder-tekst.png","width":1080,"height":1080},{"@type":"WebSite","@id":"https:\/\/zusje.nl\/winkel\/de\/#website","url":"https:\/\/zusje.nl\/winkel\/de\/","name":"Zusje Shop","description":"","publisher":{"@id":"https:\/\/zusje.nl\/winkel\/de\/#organization"},"potentialAction":[{"@type":"SearchAction","target":{"@type":"EntryPoint","urlTemplate":"https:\/\/zusje.nl\/winkel\/de\/?s={search_term_string}"},"query-input":{"@type":"PropertyValueSpecification","valueRequired":true,"valueName":"search_term_string"}}],"inLanguage":"de"},{"@type":"Organization","@id":"https:\/\/zusje.nl\/winkel\/de\/#organization","name":"Zusje Shop","url":"https:\/\/zusje.nl\/winkel\/de\/","logo":{"@type":"ImageObject","inLanguage":"de","@id":"https:\/\/zusje.nl\/winkel\/de\/#\/schema\/logo\/image\/","url":"https:\/\/zusje.nl\/winkel\/wp-content\/uploads\/2021\/03\/t-zusje-logo.png","contentUrl":"https:\/\/zusje.nl\/winkel\/wp-content\/uploads\/2021\/03\/t-zusje-logo.png","width":240,"height":153,"caption":"Zusje Shop"},"image":{"@id":"https:\/\/zusje.nl\/winkel\/de\/#\/schema\/logo\/image\/"}}]}},"_links":{"self":[{"href":"https:\/\/zusje.nl\/winkel\/de\/wp-json\/wp\/v2\/product\/10155","targetHints":{"allow":["GET"]}}],"collection":[{"href":"https:\/\/zusje.nl\/winkel\/de\/wp-json\/wp\/v2\/product"}],"about":[{"href":"https:\/\/zusje.nl\/winkel\/de\/wp-json\/wp\/v2\/types\/product"}],"replies":[{"embeddable":true,"href":"https:\/\/zusje.nl\/winkel\/de\/wp-json\/wp\/v2\/comments?post=10155"}],"wp:featuredmedia":[{"embeddable":true,"href":"https:\/\/zusje.nl\/winkel\/de\/wp-json\/wp\/v2\/media\/10154"}],"wp:attachment":[{"href":"https:\/\/zusje.nl\/winkel\/de\/wp-json\/wp\/v2\/media?parent=10155"}],"wp:term":[{"taxonomy":"product_brand","embeddable":true,"href":"https:\/\/zusje.nl\/winkel\/de\/wp-json\/wp\/v2\/product_brand?post=10155"},{"taxonomy":"product_cat","embeddable":true,"href":"https:\/\/zusje.nl\/winkel\/de\/wp-json\/wp\/v2\/product_cat?post=10155"},{"taxonomy":"product_tag","embeddable":true,"href":"https:\/\/zusje.nl\/winkel\/de\/wp-json\/wp\/v2\/product_tag?post=10155"}],"curies":[{"name":"wp","href":"https:\/\/api.w.org\/{rel}","templated":true}]}}