{"id":59,"date":"2021-03-02T12:45:42","date_gmt":"2021-03-02T12:45:42","guid":{"rendered":"http:\/\/zusje.nl.s927.whserver.nl\/winkel\/?page_id=59"},"modified":"2025-11-04T08:45:58","modified_gmt":"2025-11-04T07:45:58","slug":"datenschutz-bestimmungen","status":"publish","type":"page","link":"https:\/\/zusje.nl\/winkel\/de\/datenschutz-bestimmungen\/","title":{"rendered":"Datenschutz-Bestimmungen"},"content":{"rendered":"\n<p>Die Website \u201czusje.nl\u201d und die damit verbundenen Internetdienstleistungen werden Ihnen von der Firma niederl\u00e4ndischen Rechts \u2018t Zusje Franchise B.V. (nachstehend: Zusje), mit Sitz in Uden (NL) und registriert im Handelsregister der Industrie- und Handelskammer Brabant unter der Nummer 56443676 zur Verf\u00fcgung gestellt. Hinsichtlich des Datenschutzes gelten die folgenden Bestimmungen.<\/p>\n\n\n\n<p>Zusje setzt alles daran, den Datenschutz f\u00fcr jeden Besucher der Website zu gew\u00e4hrleisten. Das bedeutet, dass wir auch von unseren Kooperationspartnern die gr\u00f6\u00dftm\u00f6gliche Sorgfalt bei der \u00dcberwachung der personenbezogenen Daten verlangen.<\/p>\n\n\n\n<p>Im Folgenden erfahren Sie, welche personenbezogenen Daten wir verarbeiten, was wir mit diesen personenbezogenen Daten tun, innerhalb welcher gesetzlichen Rahmenbedingungen das erfolgt und was Sie tun k\u00f6nnen, wenn Sie noch Fragen haben.<\/p>\n\n\n\n<p><strong>Verarbeitung der personenbezogenen Daten<\/strong><\/p>\n\n\n\n<p>Im Rahmen unserer Dienstleistung erhebt Zusje Daten (Name, Wohnort und Adresse, Ihre Telefon- und Faxnummern, Ihre E-Mail-Adresse). Zusje verwendet diese Daten zur Erf\u00fcllung der entsprechenden \u00dcbereinkunft, f\u00fcr ihre sonstige Dienstleistung und um Kunden \u00fcber (neue) Produkte und Dienstleistungen von Zusje und der mit ihr kooperierenden Unternehmen bzw. sorgf\u00e4ltig ausgew\u00e4hlten Dritten auf dem Laufenden zu halten. Dabei ber\u00fccksichtigt Zusje nach M\u00f6glichkeit Ihre Vorlieben.<\/p>\n\n\n\n<p>Wenn Sie keine Informationen \u00fcber (neue) Produkte und Dienstleistungen w\u00fcnschen, k\u00f6nnen Sie das schriftlich bei Zusje z. Hd. Adressverwaltung, Boekelsedijk 2D, NL-5404 NK Uden oder per E-Mail an website@zusje.nl mit dem Betreff \u201eAdressverwaltung\u201d mitteilen. Daraufhin lassen wir Ihre Daten zu diesem Zweck sperren.<\/p>\n\n\n\n<p><strong>Ihre Daten l\u00f6schen?<\/strong><\/p>\n\n\n\n<p>Wir speichern Ihre Daten auf einem (gesicherten) Secure Server. M\u00f6chten Sie, dass wir Ihre Daten aus unserem Bestand l\u00f6schen? Auch in diesem Fall k\u00f6nnen Sie eine E-Mail an website@zusje.nl schicken.<\/p>\n\n\n\n<p>Nat\u00fcrlich k\u00f6nnen Sie uns das auch per Briefpost mitteilen. Unsere Adresse lautet: t Zusje z. Hd. v. Adressverwaltung, Boekelsedijk 2D, NL-5404 NK Uden. Zusje wird Ihrer Bitte innerhalb von sieben Werktagen entsprechen.<\/p>\n\n\n\n<p><strong>Datenschutzbestimmungen und andere Websites<\/strong><\/p>\n\n\n\n<p>Auf der Website www.zusje.nl stehen Links zu anderen Websites. Wir \u00fcbernehmen jedoch keinerlei Haftung hinsichtlich der Datenschutzvorkehrungen dieser Websites. Weitere Informationen entnehmen Sie bitte den entsprechenden Websites.<\/p>\n\n\n\n<p><strong>Haben Sie noch Fragen?<\/strong><\/p>\n\n\n\n<p>Schicken Sie in einem solchen Fall eine E-Mail an website@zusje.nl. Auch wenn Sie Fragen zu Ihren Daten haben oder sie \u00e4ndern m\u00f6chten, k\u00f6nnen Sie diese E-Mail-Adresse verwenden. Wir stehen Ihnen gerne zur Verf\u00fcgung.<\/p>\n\n\n\n<p><strong>\u00c4nderungen<\/strong><\/p>\n\n\n\n<p>Wir behalten uns jederzeit das Recht vor, unsere Datenschutzbestimmungen zu \u00e4ndern. Auf dieser Seite steht immer die aktuellste Fassung. Schauen Sie sich deshalb am besten die Datenschutzbestimmungen regelm\u00e4\u00dfig auf dieser Website an.<\/p>\n\n\n\n<h2 class=\"wp-block-heading\">Cookies<\/h2>\n\n\n\n<p>Wir setzen auf dieser Website Cookies ein. Ein Cookie ist eine einfache, kleine Datei, die eine Website \u00fcber den Browser auf Ihrer Festplatte speichert. In einem Cookie sind Informationen gespeichert. Wir merken uns beispielsweise mithilfe eines Cookies, was Sie in der Vergangenheit auf dieser Website gemacht haben, damit Sie es bei einem n\u00e4chsten Besuch nicht erneut zu tun brauchen.<\/p>\n\n\n\n<p><strong>Weshalb verwenden wir Cookies?<\/strong><\/p>\n\n\n\n<p>Um die Website besser funktionieren zu lassen.\u2028<br>Um die Nutzung der Website zu vereinfachen.\u2028<br>Um zu messen, ob Besucher auf einfache Weise die gew\u00fcnschten Informationen auf unserer Website finden k\u00f6nnen.<\/p>\n\n\n\n<p><strong>Welche Cookies verwenden wir auf dieser Website?<\/strong><\/p>\n\n\n\n<p>Permanente Cookies<br>Durch die Nutzung permanenter Cookies gew\u00e4hrleisten wir, dass Sie bestimmte Handlungen nicht erneut durchzuf\u00fchren brauchen. Wir erkennen die Vorlieben, die Sie bei einem fr\u00fcheren Besuch der Website eingegeben haben. Auf diese Weise sparen Sie Zeit und die Website ist damit anwenderfreundlicher. Permanente Cookies k\u00f6nnen Sie mithilfe Ihrer Browser-Einstellungen l\u00f6schen.<\/p>\n\n\n\n<p>Session Cookies<br>Session Cookies setzen wir w\u00e4hrend Ihres Besuches ein und sie werden automatisch gel\u00f6scht, sobald Sie den Browser schlie\u00dfen. Wir merken uns, welche Bereiche Sie sich w\u00e4hrend eines Besuchs anschauen und stimmen unsere Dienstleistungen darauf ab.<\/p>\n\n\n\n<p>Google Analytics Cookies<br>\u00dcber unsere Website werden Cookies von Google als Teil des \u201eAnalytics-Dienstes\u201c installiert. Wir verwenden diesen Dienst, um das Besucherverhalten zu erfassen und Berichte im Hinblick darauf zu erhalten, wie Besucher unsere Website nutzen. Auf dieser Grundlage k\u00f6nnen wir die Website anschlie\u00dfend verbessern. Es geht damit nicht um die Erhebung von personenbezogenen Daten, sondern um das Erfassen Ihrer Handlungen auf der Website.<\/p>\n\n\n\n<p>Social Media Cookies<br>Auf unserer Website stehen Schaltfl\u00e4chen mit denen Sie unsere Nachrichten oder Webseiten in den Social Media unter die Aufmerksamkeit bringen k\u00f6nnen. Dazu geh\u00f6rt beispielsweise die \u201eGef\u00e4llt mir\u201d-Schaltfl\u00e4che von Facebook oder Sie k\u00f6nnen einen \u201eTweet\u201c per Twitter versenden. Diese Schaltfl\u00e4chen nutzen Codes, die von den Social Media-Plattformen selbst stammen. Mithilfe des Codes werden Cookies installiert. Darauf haben wir keinen Einfluss. Die Social Media-Plattformen geben in ihrer Datenschutzerkl\u00e4rung an, was sie \u00fcber die Cookies mit Ihren Daten tun.<\/p>\n\n\n\n<p>Tracking Cookies von uns selbst<br>Einen Tracking Cookie rufen wir ab, sobald Sie eine Website aus unserem Netzwerk besuchen. Auf diese Weise erfahren wir, ob Sie neben unserer Website auch die entsprechende\/n andere\/n Website\/s aus unserem Netzwerk besucht haben. Das dadurch aufgebaute Profil ist nicht mit Ihrem Namen, Ihrer Adresse, Ihrer E-Mail-Adresse oder \u00e4hnlichen Angaben verkn\u00fcpft, sondern dient ausschlie\u00dflich dazu, Anzeigen auf Ihr Profil abzustimmen, damit Sie so relevant wie m\u00f6glich f\u00fcr Sie sind.<\/p>\n\n\n\n<p><strong>Recht auf Einsichtnahme, Berichtigung und L\u00f6schung<\/strong><\/p>\n\n\n\n<p>Sie haben das Recht auf Einsichtnahme, Berichtigung oder L\u00f6schung Ihrer personenbezogenen Angaben. Sie k\u00f6nnen sich diesbez\u00fcglich an uns wenden. Zur Verhinderung von Missbrauch k\u00f6nnen wir Sie in diesem Zusammenhang bitten, sich zu identifizieren.<\/p>\n\n\n\n<p><strong>Cookies aktivieren, deaktivieren und l\u00f6schen<\/strong><\/p>\n\n\n\n<p>Weitere Informationen bez\u00fcglich der Aktivierung und Deaktivierung wie auch der L\u00f6schung von Cookies finden Sie in den Instruktionen und\/oder mithilfe der Hilfe-Funktion Ihres Browsers.<\/p>\n\n\n\n<p>Weitere Informationen zu Cookies finden Sie auf der Website Cookierecht und auf der Website der niederl\u00e4ndischen Verbraucherzentrale Consumentenbond.<\/p>\n\n\n\n<h2 class=\"wp-block-heading\">Haftungsausschluss<\/h2>\n\n\n\n<p>Zusje hat die Informationen auf dieser Website mit gro\u00dfer Sorgfalt zusammengestellt. Trotzdem kann es sein, dass bestimmte Informationen nicht korrekt und\/oder nicht vollst\u00e4ndig sind.<\/p>\n\n\n\n<p>Wir haften auf keinen Fall f\u00fcr etwaige Sch\u00e4den, die mittelbar oder unmittelbar aufgrund der Nutzung des Materials von dieser Website entstehen.<\/p>\n\n\n\n<p>Gleichzeitig beh\u00e4lt sich Zusje jederzeit das Recht vor, ohne vorherige Inkenntnissetzung \u00c4nderungen an den dargestellten Informationen durchzuf\u00fchren.<\/p>\n","protected":false},"excerpt":{"rendered":"<p>Die Website \u201czusje.nl\u201d und die damit verbundenen Internetdienstleistungen werden Ihnen von der Firma niederl\u00e4ndischen Rechts \u2018t Zusje Franchise B.V. (nachstehend: &hellip;<\/p>\n","protected":false},"author":1,"featured_media":0,"parent":0,"menu_order":0,"comment_status":"closed","ping_status":"open","template":"","meta":{"_acf_changed":false,"footnotes":""},"class_list":["post-59","page","type-page","status-publish","hentry"],"acf":[],"yoast_head":"<!-- This site is optimized with the Yoast SEO plugin v27.3 - https:\/\/yoast.com\/product\/yoast-seo-wordpress\/ -->\n<title>Datenschutz-Bestimmungen - Zusje Shop<\/title>\n<meta name=\"robots\" content=\"index, follow, max-snippet:-1, max-image-preview:large, max-video-preview:-1\" \/>\n<link rel=\"canonical\" href=\"https:\/\/zusje.nl\/winkel\/de\/datenschutz-bestimmungen\/\" \/>\n<meta property=\"og:locale\" content=\"de_DE\" \/>\n<meta property=\"og:type\" content=\"article\" \/>\n<meta property=\"og:title\" content=\"Datenschutz-Bestimmungen - Zusje Shop\" \/>\n<meta property=\"og:description\" content=\"Die Website \u201czusje.nl\u201d und die damit verbundenen Internetdienstleistungen werden Ihnen von der Firma niederl\u00e4ndischen Rechts \u2018t Zusje Franchise B.V. (nachstehend: &hellip;\" \/>\n<meta property=\"og:url\" content=\"https:\/\/zusje.nl\/winkel\/de\/datenschutz-bestimmungen\/\" \/>\n<meta property=\"og:site_name\" content=\"Zusje Shop\" \/>\n<meta property=\"article:modified_time\" content=\"2025-11-04T07:45:58+00:00\" \/>\n<meta name=\"twitter:card\" content=\"summary_large_image\" \/>\n<meta name=\"twitter:label1\" content=\"Gesch\u00e4tzte Lesezeit\" \/>\n\t<meta name=\"twitter:data1\" content=\"5\u00a0Minuten\" \/>\n<script type=\"application\/ld+json\" class=\"yoast-schema-graph\">{\"@context\":\"https:\\\/\\\/schema.org\",\"@graph\":[{\"@type\":\"WebPage\",\"@id\":\"https:\\\/\\\/zusje.nl\\\/winkel\\\/de\\\/datenschutz-bestimmungen\\\/\",\"url\":\"https:\\\/\\\/zusje.nl\\\/winkel\\\/de\\\/datenschutz-bestimmungen\\\/\",\"name\":\"Datenschutz-Bestimmungen - Zusje Shop\",\"isPartOf\":{\"@id\":\"https:\\\/\\\/zusje.nl\\\/winkel\\\/de\\\/#website\"},\"datePublished\":\"2021-03-02T12:45:42+00:00\",\"dateModified\":\"2025-11-04T07:45:58+00:00\",\"inLanguage\":\"de\",\"potentialAction\":[{\"@type\":\"ReadAction\",\"target\":[\"https:\\\/\\\/zusje.nl\\\/winkel\\\/de\\\/datenschutz-bestimmungen\\\/\"]}]},{\"@type\":\"WebSite\",\"@id\":\"https:\\\/\\\/zusje.nl\\\/winkel\\\/de\\\/#website\",\"url\":\"https:\\\/\\\/zusje.nl\\\/winkel\\\/de\\\/\",\"name\":\"Zusje Shop\",\"description\":\"\",\"publisher\":{\"@id\":\"https:\\\/\\\/zusje.nl\\\/winkel\\\/de\\\/#organization\"},\"potentialAction\":[{\"@type\":\"SearchAction\",\"target\":{\"@type\":\"EntryPoint\",\"urlTemplate\":\"https:\\\/\\\/zusje.nl\\\/winkel\\\/de\\\/?s={search_term_string}\"},\"query-input\":{\"@type\":\"PropertyValueSpecification\",\"valueRequired\":true,\"valueName\":\"search_term_string\"}}],\"inLanguage\":\"de\"},{\"@type\":\"Organization\",\"@id\":\"https:\\\/\\\/zusje.nl\\\/winkel\\\/de\\\/#organization\",\"name\":\"Zusje Shop\",\"url\":\"https:\\\/\\\/zusje.nl\\\/winkel\\\/de\\\/\",\"logo\":{\"@type\":\"ImageObject\",\"inLanguage\":\"de\",\"@id\":\"https:\\\/\\\/zusje.nl\\\/winkel\\\/de\\\/#\\\/schema\\\/logo\\\/image\\\/\",\"url\":\"https:\\\/\\\/zusje.nl\\\/winkel\\\/wp-content\\\/uploads\\\/2021\\\/03\\\/t-zusje-logo.png\",\"contentUrl\":\"https:\\\/\\\/zusje.nl\\\/winkel\\\/wp-content\\\/uploads\\\/2021\\\/03\\\/t-zusje-logo.png\",\"width\":240,\"height\":153,\"caption\":\"Zusje Shop\"},\"image\":{\"@id\":\"https:\\\/\\\/zusje.nl\\\/winkel\\\/de\\\/#\\\/schema\\\/logo\\\/image\\\/\"}}]}<\/script>\n<!-- \/ Yoast SEO plugin. -->","yoast_head_json":{"title":"Datenschutz-Bestimmungen - Zusje Shop","robots":{"index":"index","follow":"follow","max-snippet":"max-snippet:-1","max-image-preview":"max-image-preview:large","max-video-preview":"max-video-preview:-1"},"canonical":"https:\/\/zusje.nl\/winkel\/de\/datenschutz-bestimmungen\/","og_locale":"de_DE","og_type":"article","og_title":"Datenschutz-Bestimmungen - Zusje Shop","og_description":"Die Website \u201czusje.nl\u201d und die damit verbundenen Internetdienstleistungen werden Ihnen von der Firma niederl\u00e4ndischen Rechts \u2018t Zusje Franchise B.V. (nachstehend: &hellip;","og_url":"https:\/\/zusje.nl\/winkel\/de\/datenschutz-bestimmungen\/","og_site_name":"Zusje Shop","article_modified_time":"2025-11-04T07:45:58+00:00","twitter_card":"summary_large_image","twitter_misc":{"Gesch\u00e4tzte Lesezeit":"5\u00a0Minuten"},"schema":{"@context":"https:\/\/schema.org","@graph":[{"@type":"WebPage","@id":"https:\/\/zusje.nl\/winkel\/de\/datenschutz-bestimmungen\/","url":"https:\/\/zusje.nl\/winkel\/de\/datenschutz-bestimmungen\/","name":"Datenschutz-Bestimmungen - Zusje Shop","isPartOf":{"@id":"https:\/\/zusje.nl\/winkel\/de\/#website"},"datePublished":"2021-03-02T12:45:42+00:00","dateModified":"2025-11-04T07:45:58+00:00","inLanguage":"de","potentialAction":[{"@type":"ReadAction","target":["https:\/\/zusje.nl\/winkel\/de\/datenschutz-bestimmungen\/"]}]},{"@type":"WebSite","@id":"https:\/\/zusje.nl\/winkel\/de\/#website","url":"https:\/\/zusje.nl\/winkel\/de\/","name":"Zusje Shop","description":"","publisher":{"@id":"https:\/\/zusje.nl\/winkel\/de\/#organization"},"potentialAction":[{"@type":"SearchAction","target":{"@type":"EntryPoint","urlTemplate":"https:\/\/zusje.nl\/winkel\/de\/?s={search_term_string}"},"query-input":{"@type":"PropertyValueSpecification","valueRequired":true,"valueName":"search_term_string"}}],"inLanguage":"de"},{"@type":"Organization","@id":"https:\/\/zusje.nl\/winkel\/de\/#organization","name":"Zusje Shop","url":"https:\/\/zusje.nl\/winkel\/de\/","logo":{"@type":"ImageObject","inLanguage":"de","@id":"https:\/\/zusje.nl\/winkel\/de\/#\/schema\/logo\/image\/","url":"https:\/\/zusje.nl\/winkel\/wp-content\/uploads\/2021\/03\/t-zusje-logo.png","contentUrl":"https:\/\/zusje.nl\/winkel\/wp-content\/uploads\/2021\/03\/t-zusje-logo.png","width":240,"height":153,"caption":"Zusje Shop"},"image":{"@id":"https:\/\/zusje.nl\/winkel\/de\/#\/schema\/logo\/image\/"}}]}},"_links":{"self":[{"href":"https:\/\/zusje.nl\/winkel\/de\/wp-json\/wp\/v2\/pages\/59","targetHints":{"allow":["GET"]}}],"collection":[{"href":"https:\/\/zusje.nl\/winkel\/de\/wp-json\/wp\/v2\/pages"}],"about":[{"href":"https:\/\/zusje.nl\/winkel\/de\/wp-json\/wp\/v2\/types\/page"}],"author":[{"embeddable":true,"href":"https:\/\/zusje.nl\/winkel\/de\/wp-json\/wp\/v2\/users\/1"}],"replies":[{"embeddable":true,"href":"https:\/\/zusje.nl\/winkel\/de\/wp-json\/wp\/v2\/comments?post=59"}],"version-history":[{"count":3,"href":"https:\/\/zusje.nl\/winkel\/de\/wp-json\/wp\/v2\/pages\/59\/revisions"}],"predecessor-version":[{"id":13208,"href":"https:\/\/zusje.nl\/winkel\/de\/wp-json\/wp\/v2\/pages\/59\/revisions\/13208"}],"wp:attachment":[{"href":"https:\/\/zusje.nl\/winkel\/de\/wp-json\/wp\/v2\/media?parent=59"}],"curies":[{"name":"wp","href":"https:\/\/api.w.org\/{rel}","templated":true}]}}