{"id":21484,"date":"2024-10-09T13:37:17","date_gmt":"2024-10-09T11:37:17","guid":{"rendered":"https:\/\/zusje.nl\/?page_id=21484"},"modified":"2025-09-25T11:28:27","modified_gmt":"2025-09-25T09:28:27","slug":"weihnachten-2025","status":"publish","type":"page","link":"https:\/\/zusje.nl\/de\/weihnachten-2025\/","title":{"rendered":"Weihnachten 2025"},"content":{"rendered":"\n<p>In diesem Jahr erheben wir zum ersten Mal einen Zuschlag von 10,- \u20ac pro Gast an den Weihnachtstagen am 24., 25. und 26. Dezember, um das burgundische Erlebnis zu genie\u00dfen.<\/p>\n\n\n\n<p>Dies ist auf zus\u00e4tzliche Kosten wie h\u00f6here Arbeitskosten und Feiertagszuschl\u00e4ge zur\u00fcckzuf\u00fchren, die &#8218;t Zusje an diesen Tagen zu tragen hat.<\/p>\n\n\n\n<p>Um unsere G\u00e4ste w\u00e4hrend der Weihnachtszeit zu verw\u00f6hnen, bleibt uns keine andere Wahl, als diesen Zuschlag zu erheben, um die Kosten zu decken. Selbstverst\u00e4ndlich werden wir unser Bestes tun, um unseren G\u00e4sten ein wundervolles burgundisches Weihnachten zu bereiten! Wir sorgen auch daf\u00fcr, dass jeder Gast mit einem einzigartigen &#8218;t Zusje-Geschenk nach Hause geht.<\/p>\n\n\n\n<p>Kinder im Alter von 2 bis 10 Jahren k\u00f6nnen ein burgundisches Weihnachtsessen f\u00fcr 20,50 \u20ac pro Kind genie\u00dfen. F\u00fcr Kinder ab 11 Jahren gilt der Erwachsenenpreis.<\/p>\n\n\n\n<p>Zum Weihnachtsmittagessen bieten wir nur das \u201eburgundische Genusskonzept\u201c an.<\/p>\n\n\n\n<p>Wir freuen uns darauf, Sie zu Weihnachten zu verw\u00f6hnen.<\/p>\n","protected":false},"excerpt":{"rendered":"<p>In diesem Jahr erheben wir zum ersten Mal einen Zuschlag von 10,- \u20ac pro Gast an den Weihnachtstagen am 24., &hellip;<\/p>\n","protected":false},"author":3,"featured_media":0,"parent":0,"menu_order":0,"comment_status":"closed","ping_status":"closed","template":"tl-christmas-last-minute.php","meta":{"_acf_changed":false,"footnotes":""},"class_list":["post-21484","page","type-page","status-publish","hentry"],"acf":[],"yoast_head":"<!-- This site is optimized with the Yoast SEO plugin v27.3 - https:\/\/yoast.com\/product\/yoast-seo-wordpress\/ -->\n<title>Weihnachten 2025 - Zusje - Bourgondisch genieten\u2026<\/title>\n<meta name=\"robots\" content=\"index, follow, max-snippet:-1, max-image-preview:large, max-video-preview:-1\" \/>\n<link rel=\"canonical\" href=\"https:\/\/zusje.nl\/de\/weihnachten-2025\/\" \/>\n<meta property=\"og:locale\" content=\"de_DE\" \/>\n<meta property=\"og:type\" content=\"article\" \/>\n<meta property=\"og:title\" content=\"Weihnachten 2025 - Zusje - Bourgondisch genieten\u2026\" \/>\n<meta property=\"og:description\" content=\"In diesem Jahr erheben wir zum ersten Mal einen Zuschlag von 10,- \u20ac pro Gast an den Weihnachtstagen am 24., &hellip;\" \/>\n<meta property=\"og:url\" content=\"https:\/\/zusje.nl\/de\/weihnachten-2025\/\" \/>\n<meta property=\"og:site_name\" content=\"Zusje\" \/>\n<meta property=\"article:modified_time\" content=\"2025-09-25T09:28:27+00:00\" \/>\n<meta name=\"twitter:card\" content=\"summary_large_image\" \/>\n<meta name=\"twitter:label1\" content=\"Gesch\u00e4tzte Lesezeit\" \/>\n\t<meta name=\"twitter:data1\" content=\"1\u00a0Minute\" \/>\n<script type=\"application\/ld+json\" class=\"yoast-schema-graph\">{\"@context\":\"https:\\\/\\\/schema.org\",\"@graph\":[{\"@type\":\"WebPage\",\"@id\":\"https:\\\/\\\/zusje.nl\\\/de\\\/weihnachten-2025\\\/\",\"url\":\"https:\\\/\\\/zusje.nl\\\/de\\\/weihnachten-2025\\\/\",\"name\":\"Weihnachten 2025 - Zusje - Bourgondisch genieten\u2026\",\"isPartOf\":{\"@id\":\"https:\\\/\\\/zusje.nl\\\/de\\\/#website\"},\"datePublished\":\"2024-10-09T11:37:17+00:00\",\"dateModified\":\"2025-09-25T09:28:27+00:00\",\"inLanguage\":\"de\",\"potentialAction\":[{\"@type\":\"ReadAction\",\"target\":[\"https:\\\/\\\/zusje.nl\\\/de\\\/weihnachten-2025\\\/\"]}]},{\"@type\":\"WebSite\",\"@id\":\"https:\\\/\\\/zusje.nl\\\/de\\\/#website\",\"url\":\"https:\\\/\\\/zusje.nl\\\/de\\\/\",\"name\":\"Zusje\",\"description\":\"Bourgondisch genieten\u2026\",\"potentialAction\":[{\"@type\":\"SearchAction\",\"target\":{\"@type\":\"EntryPoint\",\"urlTemplate\":\"https:\\\/\\\/zusje.nl\\\/de\\\/?s={search_term_string}\"},\"query-input\":{\"@type\":\"PropertyValueSpecification\",\"valueRequired\":true,\"valueName\":\"search_term_string\"}}],\"inLanguage\":\"de\"}]}<\/script>\n<!-- \/ Yoast SEO plugin. -->","yoast_head_json":{"title":"Weihnachten 2025 - Zusje - Bourgondisch genieten\u2026","robots":{"index":"index","follow":"follow","max-snippet":"max-snippet:-1","max-image-preview":"max-image-preview:large","max-video-preview":"max-video-preview:-1"},"canonical":"https:\/\/zusje.nl\/de\/weihnachten-2025\/","og_locale":"de_DE","og_type":"article","og_title":"Weihnachten 2025 - Zusje - Bourgondisch genieten\u2026","og_description":"In diesem Jahr erheben wir zum ersten Mal einen Zuschlag von 10,- \u20ac pro Gast an den Weihnachtstagen am 24., &hellip;","og_url":"https:\/\/zusje.nl\/de\/weihnachten-2025\/","og_site_name":"Zusje","article_modified_time":"2025-09-25T09:28:27+00:00","twitter_card":"summary_large_image","twitter_misc":{"Gesch\u00e4tzte Lesezeit":"1\u00a0Minute"},"schema":{"@context":"https:\/\/schema.org","@graph":[{"@type":"WebPage","@id":"https:\/\/zusje.nl\/de\/weihnachten-2025\/","url":"https:\/\/zusje.nl\/de\/weihnachten-2025\/","name":"Weihnachten 2025 - Zusje - Bourgondisch genieten\u2026","isPartOf":{"@id":"https:\/\/zusje.nl\/de\/#website"},"datePublished":"2024-10-09T11:37:17+00:00","dateModified":"2025-09-25T09:28:27+00:00","inLanguage":"de","potentialAction":[{"@type":"ReadAction","target":["https:\/\/zusje.nl\/de\/weihnachten-2025\/"]}]},{"@type":"WebSite","@id":"https:\/\/zusje.nl\/de\/#website","url":"https:\/\/zusje.nl\/de\/","name":"Zusje","description":"Bourgondisch genieten\u2026","potentialAction":[{"@type":"SearchAction","target":{"@type":"EntryPoint","urlTemplate":"https:\/\/zusje.nl\/de\/?s={search_term_string}"},"query-input":{"@type":"PropertyValueSpecification","valueRequired":true,"valueName":"search_term_string"}}],"inLanguage":"de"}]}},"_links":{"self":[{"href":"https:\/\/zusje.nl\/de\/wp-json\/wp\/v2\/pages\/21484","targetHints":{"allow":["GET"]}}],"collection":[{"href":"https:\/\/zusje.nl\/de\/wp-json\/wp\/v2\/pages"}],"about":[{"href":"https:\/\/zusje.nl\/de\/wp-json\/wp\/v2\/types\/page"}],"author":[{"embeddable":true,"href":"https:\/\/zusje.nl\/de\/wp-json\/wp\/v2\/users\/3"}],"replies":[{"embeddable":true,"href":"https:\/\/zusje.nl\/de\/wp-json\/wp\/v2\/comments?post=21484"}],"version-history":[{"count":2,"href":"https:\/\/zusje.nl\/de\/wp-json\/wp\/v2\/pages\/21484\/revisions"}],"predecessor-version":[{"id":31208,"href":"https:\/\/zusje.nl\/de\/wp-json\/wp\/v2\/pages\/21484\/revisions\/31208"}],"wp:attachment":[{"href":"https:\/\/zusje.nl\/de\/wp-json\/wp\/v2\/media?parent=21484"}],"curies":[{"name":"wp","href":"https:\/\/api.w.org\/{rel}","templated":true}]}}