{"id":15964,"date":"2024-10-17T14:10:45","date_gmt":"2024-10-17T12:10:45","guid":{"rendered":"https:\/\/zusje.nl\/?page_id=15964"},"modified":"2026-04-20T10:37:53","modified_gmt":"2026-04-20T08:37:53","slug":"burgundischer-genuss","status":"publish","type":"page","link":"https:\/\/zusje.nl\/de\/burgundischer-genuss\/","title":{"rendered":"Genie\u00dfen bei \u2019t Zusje"},"content":{"rendered":"\n<h1 class=\"wp-block-heading\">Burgundischer Genuss<\/h1>\n\n\n\n<p>Was gibt es Gem\u00fctlicheres, als besondere Momente mit Freunden und Familie zu feiern? Wir begr\u00fc\u00dfen Sie zu einem stimmungsvollen Mittagessen oder einem k\u00f6stlichen Abendessen, bei dem wir Sie rundum verw\u00f6hnen.<\/p>\n\n\n\n<p>W\u00e4hrend Ihres Mittag- oder Abendessens k\u00f6nnen Sie und Ihre Begleitung sich f\u00fcr \u2018Bourgondisch Genieten\u2019 oder f\u00fcr eines unserer Pakete entscheiden.<\/p>\n\n\n\n<p>Wenn Sie sich mit Ihrer gesamten Gruppe f\u00fcr Bourgondisch Genieten entscheiden, w\u00e4hlt jede Person 2 Gerichte pro Runde. Sie genie\u00dfen dann w\u00e4hrend Ihres gesamten Besuchs die k\u00f6stlichsten, frisch zubereiteten Tapas-Gerichte aus unserer Men\u00fc zu einem Festpreis.<\/p>\n\n\n\n<p>Haben Sie weniger Zeit, m\u00f6chten aber trotzdem Ihre Lieblingsgerichte genie\u00dfen? Dann entscheiden Sie sich f\u00fcr eines der drei Pakete mit Ihrer gesamten Gruppe, bei denen Sie 3, 4 oder 5 Gerichte aus der Men\u00fc gleichzeitig genie\u00dfen k\u00f6nnen, einschlie\u00dflich frisch gebackener Br\u00f6tchen.<br><\/p>\n\n\n\n<div class=\"wp-block-buttons is-layout-flex wp-block-buttons-is-layout-flex\">\n<div class=\"wp-block-button\"><a class=\"wp-block-button__link wp-element-button\" href=\"https:\/\/zusje.nl\/de\/tapas-karte\/menu\/\">Siehe Men\u00fc<\/a><\/div>\n<\/div>\n\n\n\n<p>Wenn Sie sicher sein wollen, dass Sie einen Tisch bekommen, sollten Sie reservieren, aber Sie k\u00f6nnen sich auch gerne auf unserer sommerlichen Terrasse einen gem\u00fctlichen Platz suchen!<\/p>\n\n\n\n<p>Unsere \u00d6ffnungszeiten pro Filiale finden Sie hier. Haben Sie noch Fragen zu unserem Konzept, einem burgundischen Abendessen oder den Angeboten? Dann werfen Sie einen Blick auf unsere h\u00e4ufig gestellten Fragen.<\/p>\n\n\n\n<div class=\"wp-block-buttons is-layout-flex wp-block-buttons-is-layout-flex\">\n<div class=\"wp-block-button\"><a class=\"wp-block-button__link wp-element-button\" href=\"https:\/\/zusje.nl\/de\/veelgestelde-vragen\/\">h\u00e4ufig gestellten Fragen<\/a><\/div>\n<\/div>\n","protected":false},"excerpt":{"rendered":"<p>Burgundischer Genuss Was gibt es Gem\u00fctlicheres, als besondere Momente mit Freunden und Familie zu feiern? Wir begr\u00fc\u00dfen Sie zu einem &hellip;<\/p>\n","protected":false},"author":3,"featured_media":36480,"parent":0,"menu_order":0,"comment_status":"closed","ping_status":"closed","template":"tl-overdag.php","meta":{"_acf_changed":false,"footnotes":""},"class_list":["post-15964","page","type-page","status-publish","has-post-thumbnail","hentry"],"acf":[],"yoast_head":"<!-- This site is optimized with the Yoast SEO plugin v27.3 - https:\/\/yoast.com\/product\/yoast-seo-wordpress\/ -->\n<title>Genie\u00dfen bei \u2019t Zusje - Zusje - Bourgondisch genieten\u2026<\/title>\n<meta name=\"robots\" content=\"index, follow, max-snippet:-1, max-image-preview:large, max-video-preview:-1\" \/>\n<link rel=\"canonical\" href=\"https:\/\/zusje.nl\/de\/burgundischer-genuss\/\" \/>\n<meta property=\"og:locale\" content=\"de_DE\" \/>\n<meta property=\"og:type\" content=\"article\" \/>\n<meta property=\"og:title\" content=\"Genie\u00dfen bei \u2019t Zusje - Zusje - Bourgondisch genieten\u2026\" \/>\n<meta property=\"og:description\" content=\"Burgundischer Genuss Was gibt es Gem\u00fctlicheres, als besondere Momente mit Freunden und Familie zu feiern? Wir begr\u00fc\u00dfen Sie zu einem &hellip;\" \/>\n<meta property=\"og:url\" content=\"https:\/\/zusje.nl\/de\/burgundischer-genuss\/\" \/>\n<meta property=\"og:site_name\" content=\"Zusje\" \/>\n<meta property=\"article:modified_time\" content=\"2026-04-20T08:37:53+00:00\" \/>\n<meta property=\"og:image\" content=\"https:\/\/zusje.nl\/wp-content\/uploads\/2026\/03\/20260313_Zusje_002_2373_Jason_Setzer.jpg\" \/>\n\t<meta property=\"og:image:width\" content=\"2048\" \/>\n\t<meta property=\"og:image:height\" content=\"1365\" \/>\n\t<meta property=\"og:image:type\" content=\"image\/jpeg\" \/>\n<meta name=\"twitter:card\" content=\"summary_large_image\" \/>\n<meta name=\"twitter:label1\" content=\"Gesch\u00e4tzte Lesezeit\" \/>\n\t<meta name=\"twitter:data1\" content=\"2\u00a0Minuten\" \/>\n<script type=\"application\/ld+json\" class=\"yoast-schema-graph\">{\"@context\":\"https:\\\/\\\/schema.org\",\"@graph\":[{\"@type\":\"WebPage\",\"@id\":\"https:\\\/\\\/zusje.nl\\\/de\\\/burgundischer-genuss\\\/\",\"url\":\"https:\\\/\\\/zusje.nl\\\/de\\\/burgundischer-genuss\\\/\",\"name\":\"Genie\u00dfen bei \u2019t Zusje - Zusje - Bourgondisch genieten\u2026\",\"isPartOf\":{\"@id\":\"https:\\\/\\\/zusje.nl\\\/de\\\/#website\"},\"primaryImageOfPage\":{\"@id\":\"https:\\\/\\\/zusje.nl\\\/de\\\/burgundischer-genuss\\\/#primaryimage\"},\"image\":{\"@id\":\"https:\\\/\\\/zusje.nl\\\/de\\\/burgundischer-genuss\\\/#primaryimage\"},\"thumbnailUrl\":\"https:\\\/\\\/zusje.nl\\\/wp-content\\\/uploads\\\/2026\\\/03\\\/20260313_Zusje_002_2373_Jason_Setzer.jpg\",\"datePublished\":\"2024-10-17T12:10:45+00:00\",\"dateModified\":\"2026-04-20T08:37:53+00:00\",\"inLanguage\":\"de\",\"potentialAction\":[{\"@type\":\"ReadAction\",\"target\":[\"https:\\\/\\\/zusje.nl\\\/de\\\/burgundischer-genuss\\\/\"]}]},{\"@type\":\"ImageObject\",\"inLanguage\":\"de\",\"@id\":\"https:\\\/\\\/zusje.nl\\\/de\\\/burgundischer-genuss\\\/#primaryimage\",\"url\":\"https:\\\/\\\/zusje.nl\\\/wp-content\\\/uploads\\\/2026\\\/03\\\/20260313_Zusje_002_2373_Jason_Setzer.jpg\",\"contentUrl\":\"https:\\\/\\\/zusje.nl\\\/wp-content\\\/uploads\\\/2026\\\/03\\\/20260313_Zusje_002_2373_Jason_Setzer.jpg\",\"width\":2048,\"height\":1365},{\"@type\":\"WebSite\",\"@id\":\"https:\\\/\\\/zusje.nl\\\/de\\\/#website\",\"url\":\"https:\\\/\\\/zusje.nl\\\/de\\\/\",\"name\":\"Zusje\",\"description\":\"Bourgondisch genieten\u2026\",\"potentialAction\":[{\"@type\":\"SearchAction\",\"target\":{\"@type\":\"EntryPoint\",\"urlTemplate\":\"https:\\\/\\\/zusje.nl\\\/de\\\/?s={search_term_string}\"},\"query-input\":{\"@type\":\"PropertyValueSpecification\",\"valueRequired\":true,\"valueName\":\"search_term_string\"}}],\"inLanguage\":\"de\"}]}<\/script>\n<!-- \/ Yoast SEO plugin. -->","yoast_head_json":{"title":"Genie\u00dfen bei \u2019t Zusje - Zusje - Bourgondisch genieten\u2026","robots":{"index":"index","follow":"follow","max-snippet":"max-snippet:-1","max-image-preview":"max-image-preview:large","max-video-preview":"max-video-preview:-1"},"canonical":"https:\/\/zusje.nl\/de\/burgundischer-genuss\/","og_locale":"de_DE","og_type":"article","og_title":"Genie\u00dfen bei \u2019t Zusje - Zusje - Bourgondisch genieten\u2026","og_description":"Burgundischer Genuss Was gibt es Gem\u00fctlicheres, als besondere Momente mit Freunden und Familie zu feiern? Wir begr\u00fc\u00dfen Sie zu einem &hellip;","og_url":"https:\/\/zusje.nl\/de\/burgundischer-genuss\/","og_site_name":"Zusje","article_modified_time":"2026-04-20T08:37:53+00:00","og_image":[{"width":2048,"height":1365,"url":"https:\/\/zusje.nl\/wp-content\/uploads\/2026\/03\/20260313_Zusje_002_2373_Jason_Setzer.jpg","type":"image\/jpeg"}],"twitter_card":"summary_large_image","twitter_misc":{"Gesch\u00e4tzte Lesezeit":"2\u00a0Minuten"},"schema":{"@context":"https:\/\/schema.org","@graph":[{"@type":"WebPage","@id":"https:\/\/zusje.nl\/de\/burgundischer-genuss\/","url":"https:\/\/zusje.nl\/de\/burgundischer-genuss\/","name":"Genie\u00dfen bei \u2019t Zusje - Zusje - Bourgondisch genieten\u2026","isPartOf":{"@id":"https:\/\/zusje.nl\/de\/#website"},"primaryImageOfPage":{"@id":"https:\/\/zusje.nl\/de\/burgundischer-genuss\/#primaryimage"},"image":{"@id":"https:\/\/zusje.nl\/de\/burgundischer-genuss\/#primaryimage"},"thumbnailUrl":"https:\/\/zusje.nl\/wp-content\/uploads\/2026\/03\/20260313_Zusje_002_2373_Jason_Setzer.jpg","datePublished":"2024-10-17T12:10:45+00:00","dateModified":"2026-04-20T08:37:53+00:00","inLanguage":"de","potentialAction":[{"@type":"ReadAction","target":["https:\/\/zusje.nl\/de\/burgundischer-genuss\/"]}]},{"@type":"ImageObject","inLanguage":"de","@id":"https:\/\/zusje.nl\/de\/burgundischer-genuss\/#primaryimage","url":"https:\/\/zusje.nl\/wp-content\/uploads\/2026\/03\/20260313_Zusje_002_2373_Jason_Setzer.jpg","contentUrl":"https:\/\/zusje.nl\/wp-content\/uploads\/2026\/03\/20260313_Zusje_002_2373_Jason_Setzer.jpg","width":2048,"height":1365},{"@type":"WebSite","@id":"https:\/\/zusje.nl\/de\/#website","url":"https:\/\/zusje.nl\/de\/","name":"Zusje","description":"Bourgondisch genieten\u2026","potentialAction":[{"@type":"SearchAction","target":{"@type":"EntryPoint","urlTemplate":"https:\/\/zusje.nl\/de\/?s={search_term_string}"},"query-input":{"@type":"PropertyValueSpecification","valueRequired":true,"valueName":"search_term_string"}}],"inLanguage":"de"}]}},"_links":{"self":[{"href":"https:\/\/zusje.nl\/de\/wp-json\/wp\/v2\/pages\/15964","targetHints":{"allow":["GET"]}}],"collection":[{"href":"https:\/\/zusje.nl\/de\/wp-json\/wp\/v2\/pages"}],"about":[{"href":"https:\/\/zusje.nl\/de\/wp-json\/wp\/v2\/types\/page"}],"author":[{"embeddable":true,"href":"https:\/\/zusje.nl\/de\/wp-json\/wp\/v2\/users\/3"}],"replies":[{"embeddable":true,"href":"https:\/\/zusje.nl\/de\/wp-json\/wp\/v2\/comments?post=15964"}],"version-history":[{"count":8,"href":"https:\/\/zusje.nl\/de\/wp-json\/wp\/v2\/pages\/15964\/revisions"}],"predecessor-version":[{"id":37387,"href":"https:\/\/zusje.nl\/de\/wp-json\/wp\/v2\/pages\/15964\/revisions\/37387"}],"wp:featuredmedia":[{"embeddable":true,"href":"https:\/\/zusje.nl\/de\/wp-json\/wp\/v2\/media\/36480"}],"wp:attachment":[{"href":"https:\/\/zusje.nl\/de\/wp-json\/wp\/v2\/media?parent=15964"}],"curies":[{"name":"wp","href":"https:\/\/api.w.org\/{rel}","templated":true}]}}