{"id":1391,"date":"2025-09-03T11:52:02","date_gmt":"2025-09-03T09:52:02","guid":{"rendered":"https:\/\/zusje.nl\/\/zusje-en-meer\/mijn-zusje-app\/"},"modified":"2025-09-03T11:52:02","modified_gmt":"2025-09-03T09:52:02","slug":"mijn-zusje-app","status":"publish","type":"page","link":"https:\/\/zusje.nl\/de\/zusje-en-meer\/mijn-zusje-app\/","title":{"rendered":"Mein Zusje App"},"content":{"rendered":"\n<h3 class=\"wp-block-heading\">Reservieren \u00fcber die Zusje app! <\/h3>\n\n\n\n<p>Ab sofort k\u00f6nnen Sie Ihre Reservierung ganz einfach \u00fcber die Zusje-App vornehmen. Ganz entspannt von Ihrem Sessel aus. Praktisch! Pr\u00fcfen Sie die Verf\u00fcgbarkeit auf einen Blick und reservieren Sie f\u00fcr bis zu 20 Personen. M\u00f6chten Sie mit mehr Personen essen? Rufen Sie uns an!<\/p>\n\n\n\n<figure class=\"wp-block-image size-large\"><img loading=\"lazy\" decoding=\"async\" width=\"1024\" height=\"683\" src=\"https:\/\/zusje.nl\/wp-content\/uploads\/2022\/01\/Reserveren-via-de-app-website-2-1024x683.png\" alt=\"Download de Zusje-app en reserveer direct bij jouw favoriete Zusje.\" class=\"wp-image-3026\" srcset=\"https:\/\/zusje.nl\/wp-content\/uploads\/2022\/01\/Reserveren-via-de-app-website-2-1024x683.png 1024w, https:\/\/zusje.nl\/wp-content\/uploads\/2022\/01\/Reserveren-via-de-app-website-2-300x200.png 300w, https:\/\/zusje.nl\/wp-content\/uploads\/2022\/01\/Reserveren-via-de-app-website-2-768x512.png 768w, https:\/\/zusje.nl\/wp-content\/uploads\/2022\/01\/Reserveren-via-de-app-website-2-1536x1024.png 1536w, https:\/\/zusje.nl\/wp-content\/uploads\/2022\/01\/Reserveren-via-de-app-website-2-2048x1365.png 2048w\" sizes=\"auto, (max-width: 1024px) 100vw, 1024px\" \/><\/figure>\n\n\n\n<h3 class=\"wp-block-heading\">Doppelt genie\u00dfen<\/h3>\n\n\n\n<p>Nat\u00fcrlich m\u00f6chten wir, dass Sie Ihren Genussmoment im \u2019t Zusje auch ohne Telefon genie\u00dfen k\u00f6nnen. Es ist viel sch\u00f6ner, wenn man ungest\u00f6rte Aufmerksamkeit f\u00fcreinander hat und gleichzeitig lecker essen kann. Mit der Zusje-App macht das doppelt so viel Spa\u00df! Checken Sie bei &#8218;t Zusje ein und sammeln Sie im Handumdrehen Punkte f\u00fcr tolle Zusje-Preise. Wenn du heimlich dein Handy benutzt, h\u00f6rst du auf zu sparen. Aber hey, das wirst du wahrscheinlich nicht tun! Denn du willst deinen Moment bei \u2019t Zusje doch doppelt genie\u00dfen, oder?<br><br>Download die offizielle Zusje App f\u00fcr dein Smartphone:<\/p>\n\n\n\n<div class=\"wp-block-columns is-layout-flex wp-container-core-columns-is-layout-9d6595d7 wp-block-columns-is-layout-flex\">\n<div class=\"wp-block-column is-layout-flow wp-block-column-is-layout-flow\">\n<figure class=\"wp-block-image size-large is-resized\"><a href=\"https:\/\/apps.apple.com\/us\/app\/t-zusje\/id1025826958?ls=1\"><img loading=\"lazy\" decoding=\"async\" src=\"https:\/\/zusje.nl\/\/wp-content\/uploads\/2021\/05\/zusje-app-apple-3.png\" alt=\"\" class=\"wp-image-996\" width=\"228\" height=\"126\" srcset=\"https:\/\/zusje.nl\/wp-content\/uploads\/2021\/05\/zusje-app-apple-3.png 539w, https:\/\/zusje.nl\/wp-content\/uploads\/2021\/05\/zusje-app-apple-3-300x167.png 300w\" sizes=\"auto, (max-width: 228px) 100vw, 228px\" \/><\/a><\/figure>\n<\/div>\n\n\n\n<div class=\"wp-block-column is-layout-flow wp-block-column-is-layout-flow\">\n<figure class=\"wp-block-image size-large is-resized\"><a href=\"https:\/\/play.google.com\/store\/apps\/details?id=nl.zusjetapas.ZusjeApp\"><img loading=\"lazy\" decoding=\"async\" src=\"https:\/\/zusje.nl\/\/wp-content\/uploads\/2021\/05\/zusje-app-android-2.png\" alt=\"\" class=\"wp-image-998\" width=\"238\" height=\"132\" srcset=\"https:\/\/zusje.nl\/wp-content\/uploads\/2021\/05\/zusje-app-android-2.png 539w, https:\/\/zusje.nl\/wp-content\/uploads\/2021\/05\/zusje-app-android-2-300x167.png 300w\" sizes=\"auto, (max-width: 238px) 100vw, 238px\" \/><\/a><\/figure>\n<\/div>\n<\/div>\n","protected":false},"excerpt":{"rendered":"<p>Reservieren \u00fcber die Zusje app! Ab sofort k\u00f6nnen Sie Ihre Reservierung ganz einfach \u00fcber die Zusje-App vornehmen. Ganz entspannt von &hellip;<\/p>\n","protected":false},"author":1,"featured_media":1393,"parent":1376,"menu_order":0,"comment_status":"closed","ping_status":"closed","template":"","meta":{"_acf_changed":false,"footnotes":""},"class_list":["post-1391","page","type-page","status-publish","has-post-thumbnail","hentry"],"acf":[],"yoast_head":"<!-- This site is optimized with the Yoast SEO plugin v27.3 - https:\/\/yoast.com\/product\/yoast-seo-wordpress\/ -->\n<title>Mein Zusje App - Zusje - Bourgondisch genieten\u2026<\/title>\n<meta name=\"robots\" content=\"index, follow, max-snippet:-1, max-image-preview:large, max-video-preview:-1\" \/>\n<link rel=\"canonical\" href=\"https:\/\/zusje.nl\/de\/zusje-en-meer\/mijn-zusje-app\/\" \/>\n<meta property=\"og:locale\" content=\"de_DE\" \/>\n<meta property=\"og:type\" content=\"article\" \/>\n<meta property=\"og:title\" content=\"Mein Zusje App - Zusje - Bourgondisch genieten\u2026\" \/>\n<meta property=\"og:description\" content=\"Reservieren \u00fcber die Zusje app! Ab sofort k\u00f6nnen Sie Ihre Reservierung ganz einfach \u00fcber die Zusje-App vornehmen. Ganz entspannt von &hellip;\" \/>\n<meta property=\"og:url\" content=\"https:\/\/zusje.nl\/de\/zusje-en-meer\/mijn-zusje-app\/\" \/>\n<meta property=\"og:site_name\" content=\"Zusje\" \/>\n<meta property=\"og:image\" content=\"https:\/\/zusje.nl\/wp-content\/uploads\/2021\/02\/taparkaart-voorgerechtjes-1024x683.jpg\" \/>\n\t<meta property=\"og:image:width\" content=\"1024\" \/>\n\t<meta property=\"og:image:height\" content=\"683\" \/>\n\t<meta property=\"og:image:type\" content=\"image\/jpeg\" \/>\n<meta name=\"twitter:card\" content=\"summary_large_image\" \/>\n<meta name=\"twitter:label1\" content=\"Gesch\u00e4tzte Lesezeit\" \/>\n\t<meta name=\"twitter:data1\" content=\"2\u00a0Minuten\" \/>\n<script type=\"application\/ld+json\" class=\"yoast-schema-graph\">{\"@context\":\"https:\\\/\\\/schema.org\",\"@graph\":[{\"@type\":\"WebPage\",\"@id\":\"https:\\\/\\\/zusje.nl\\\/de\\\/zusje-en-meer\\\/mijn-zusje-app\\\/\",\"url\":\"https:\\\/\\\/zusje.nl\\\/de\\\/zusje-en-meer\\\/mijn-zusje-app\\\/\",\"name\":\"Mein Zusje App - Zusje - Bourgondisch genieten\u2026\",\"isPartOf\":{\"@id\":\"https:\\\/\\\/zusje.nl\\\/de\\\/#website\"},\"primaryImageOfPage\":{\"@id\":\"https:\\\/\\\/zusje.nl\\\/de\\\/zusje-en-meer\\\/mijn-zusje-app\\\/#primaryimage\"},\"image\":{\"@id\":\"https:\\\/\\\/zusje.nl\\\/de\\\/zusje-en-meer\\\/mijn-zusje-app\\\/#primaryimage\"},\"thumbnailUrl\":\"https:\\\/\\\/zusje.nl\\\/wp-content\\\/uploads\\\/2021\\\/02\\\/taparkaart-voorgerechtjes.jpg\",\"datePublished\":\"2025-09-03T09:52:02+00:00\",\"breadcrumb\":{\"@id\":\"https:\\\/\\\/zusje.nl\\\/de\\\/zusje-en-meer\\\/mijn-zusje-app\\\/#breadcrumb\"},\"inLanguage\":\"de\",\"potentialAction\":[{\"@type\":\"ReadAction\",\"target\":[\"https:\\\/\\\/zusje.nl\\\/de\\\/zusje-en-meer\\\/mijn-zusje-app\\\/\"]}]},{\"@type\":\"ImageObject\",\"inLanguage\":\"de\",\"@id\":\"https:\\\/\\\/zusje.nl\\\/de\\\/zusje-en-meer\\\/mijn-zusje-app\\\/#primaryimage\",\"url\":\"https:\\\/\\\/zusje.nl\\\/wp-content\\\/uploads\\\/2021\\\/02\\\/taparkaart-voorgerechtjes.jpg\",\"contentUrl\":\"https:\\\/\\\/zusje.nl\\\/wp-content\\\/uploads\\\/2021\\\/02\\\/taparkaart-voorgerechtjes.jpg\",\"width\":1920,\"height\":1280},{\"@type\":\"BreadcrumbList\",\"@id\":\"https:\\\/\\\/zusje.nl\\\/de\\\/zusje-en-meer\\\/mijn-zusje-app\\\/#breadcrumb\",\"itemListElement\":[{\"@type\":\"ListItem\",\"position\":1,\"name\":\"Zusje&#038;MEHR\",\"item\":\"https:\\\/\\\/zusje.nl\\\/de\\\/zusje-en-meer\\\/\"},{\"@type\":\"ListItem\",\"position\":2,\"name\":\"Mein Zusje App\"}]},{\"@type\":\"WebSite\",\"@id\":\"https:\\\/\\\/zusje.nl\\\/de\\\/#website\",\"url\":\"https:\\\/\\\/zusje.nl\\\/de\\\/\",\"name\":\"Zusje\",\"description\":\"Bourgondisch genieten\u2026\",\"potentialAction\":[{\"@type\":\"SearchAction\",\"target\":{\"@type\":\"EntryPoint\",\"urlTemplate\":\"https:\\\/\\\/zusje.nl\\\/de\\\/?s={search_term_string}\"},\"query-input\":{\"@type\":\"PropertyValueSpecification\",\"valueRequired\":true,\"valueName\":\"search_term_string\"}}],\"inLanguage\":\"de\"}]}<\/script>\n<!-- \/ Yoast SEO plugin. -->","yoast_head_json":{"title":"Mein Zusje App - Zusje - Bourgondisch genieten\u2026","robots":{"index":"index","follow":"follow","max-snippet":"max-snippet:-1","max-image-preview":"max-image-preview:large","max-video-preview":"max-video-preview:-1"},"canonical":"https:\/\/zusje.nl\/de\/zusje-en-meer\/mijn-zusje-app\/","og_locale":"de_DE","og_type":"article","og_title":"Mein Zusje App - Zusje - Bourgondisch genieten\u2026","og_description":"Reservieren \u00fcber die Zusje app! Ab sofort k\u00f6nnen Sie Ihre Reservierung ganz einfach \u00fcber die Zusje-App vornehmen. Ganz entspannt von &hellip;","og_url":"https:\/\/zusje.nl\/de\/zusje-en-meer\/mijn-zusje-app\/","og_site_name":"Zusje","og_image":[{"width":1024,"height":683,"url":"https:\/\/zusje.nl\/wp-content\/uploads\/2021\/02\/taparkaart-voorgerechtjes-1024x683.jpg","type":"image\/jpeg"}],"twitter_card":"summary_large_image","twitter_misc":{"Gesch\u00e4tzte Lesezeit":"2\u00a0Minuten"},"schema":{"@context":"https:\/\/schema.org","@graph":[{"@type":"WebPage","@id":"https:\/\/zusje.nl\/de\/zusje-en-meer\/mijn-zusje-app\/","url":"https:\/\/zusje.nl\/de\/zusje-en-meer\/mijn-zusje-app\/","name":"Mein Zusje App - Zusje - Bourgondisch genieten\u2026","isPartOf":{"@id":"https:\/\/zusje.nl\/de\/#website"},"primaryImageOfPage":{"@id":"https:\/\/zusje.nl\/de\/zusje-en-meer\/mijn-zusje-app\/#primaryimage"},"image":{"@id":"https:\/\/zusje.nl\/de\/zusje-en-meer\/mijn-zusje-app\/#primaryimage"},"thumbnailUrl":"https:\/\/zusje.nl\/wp-content\/uploads\/2021\/02\/taparkaart-voorgerechtjes.jpg","datePublished":"2025-09-03T09:52:02+00:00","breadcrumb":{"@id":"https:\/\/zusje.nl\/de\/zusje-en-meer\/mijn-zusje-app\/#breadcrumb"},"inLanguage":"de","potentialAction":[{"@type":"ReadAction","target":["https:\/\/zusje.nl\/de\/zusje-en-meer\/mijn-zusje-app\/"]}]},{"@type":"ImageObject","inLanguage":"de","@id":"https:\/\/zusje.nl\/de\/zusje-en-meer\/mijn-zusje-app\/#primaryimage","url":"https:\/\/zusje.nl\/wp-content\/uploads\/2021\/02\/taparkaart-voorgerechtjes.jpg","contentUrl":"https:\/\/zusje.nl\/wp-content\/uploads\/2021\/02\/taparkaart-voorgerechtjes.jpg","width":1920,"height":1280},{"@type":"BreadcrumbList","@id":"https:\/\/zusje.nl\/de\/zusje-en-meer\/mijn-zusje-app\/#breadcrumb","itemListElement":[{"@type":"ListItem","position":1,"name":"Zusje&#038;MEHR","item":"https:\/\/zusje.nl\/de\/zusje-en-meer\/"},{"@type":"ListItem","position":2,"name":"Mein Zusje App"}]},{"@type":"WebSite","@id":"https:\/\/zusje.nl\/de\/#website","url":"https:\/\/zusje.nl\/de\/","name":"Zusje","description":"Bourgondisch genieten\u2026","potentialAction":[{"@type":"SearchAction","target":{"@type":"EntryPoint","urlTemplate":"https:\/\/zusje.nl\/de\/?s={search_term_string}"},"query-input":{"@type":"PropertyValueSpecification","valueRequired":true,"valueName":"search_term_string"}}],"inLanguage":"de"}]}},"_links":{"self":[{"href":"https:\/\/zusje.nl\/de\/wp-json\/wp\/v2\/pages\/1391","targetHints":{"allow":["GET"]}}],"collection":[{"href":"https:\/\/zusje.nl\/de\/wp-json\/wp\/v2\/pages"}],"about":[{"href":"https:\/\/zusje.nl\/de\/wp-json\/wp\/v2\/types\/page"}],"author":[{"embeddable":true,"href":"https:\/\/zusje.nl\/de\/wp-json\/wp\/v2\/users\/1"}],"replies":[{"embeddable":true,"href":"https:\/\/zusje.nl\/de\/wp-json\/wp\/v2\/comments?post=1391"}],"version-history":[{"count":3,"href":"https:\/\/zusje.nl\/de\/wp-json\/wp\/v2\/pages\/1391\/revisions"}],"predecessor-version":[{"id":13053,"href":"https:\/\/zusje.nl\/de\/wp-json\/wp\/v2\/pages\/1391\/revisions\/13053"}],"up":[{"embeddable":true,"href":"https:\/\/zusje.nl\/de\/wp-json\/wp\/v2\/pages\/1376"}],"wp:featuredmedia":[{"embeddable":true,"href":"https:\/\/zusje.nl\/de\/wp-json\/wp\/v2\/media\/1393"}],"wp:attachment":[{"href":"https:\/\/zusje.nl\/de\/wp-json\/wp\/v2\/media?parent=1391"}],"curies":[{"name":"wp","href":"https:\/\/api.w.org\/{rel}","templated":true}]}}