{"id":1374,"date":"2021-02-17T14:18:16","date_gmt":"2021-02-17T13:18:16","guid":{"rendered":"https:\/\/zusje.nl\/\/dieetwensen\/"},"modified":"2025-09-01T10:59:22","modified_gmt":"2025-09-01T08:59:22","slug":"dieetwensen","status":"publish","type":"page","link":"https:\/\/zusje.nl\/de\/dieetwensen\/","title":{"rendered":"Ern\u00e4hrungs- &#038; Allergiew\u00fcnsche"},"content":{"rendered":"\n<p>Lass uns bitte bereits bei der Reservierung wissen, ob wir Allergien oder eine bestimmte Ern\u00e4hrungsform von dir ber\u00fccksichtigen m\u00fcssen. Unser K\u00fcchenteam wird sein Bestes geben, um diese zu ber\u00fccksichtigen.<\/p>\n\n\n\n<p>Die g\u00e4ngigsten Ern\u00e4hrungsformen und Allergien haben wir nat\u00fcrlich schon im Blick. In allen Zusje-Standorten findest du daher eigene Speisekarten f\u00fcr Allergiker \u2013 ob glutenfrei, laktosefrei oder nussfrei. Auch w\u00e4hrend deiner Schwangerschaft kannst du bei uns sorgenfrei essen. So ist f\u00fcr alle etwas dabei!<\/p>\n\n\n\n<p><\/p>\n","protected":false},"excerpt":{"rendered":"<p>Lass uns bitte bereits bei der Reservierung wissen, ob wir Allergien oder eine bestimmte Ern\u00e4hrungsform von dir ber\u00fccksichtigen m\u00fcssen. Unser &hellip;<\/p>\n","protected":false},"author":1,"featured_media":0,"parent":0,"menu_order":0,"comment_status":"closed","ping_status":"closed","template":"tl-dietary-needs.php","meta":{"_acf_changed":false,"footnotes":""},"class_list":["post-1374","page","type-page","status-publish","hentry"],"acf":[],"yoast_head":"<!-- This site is optimized with the Yoast SEO plugin v27.3 - https:\/\/yoast.com\/product\/yoast-seo-wordpress\/ -->\n<title>Ern\u00e4hrungs- &amp; Allergiew\u00fcnsche - Zusje - Bourgondisch genieten\u2026<\/title>\n<meta name=\"robots\" content=\"index, follow, max-snippet:-1, max-image-preview:large, max-video-preview:-1\" \/>\n<link rel=\"canonical\" href=\"https:\/\/zusje.nl\/de\/dieetwensen\/\" \/>\n<meta property=\"og:locale\" content=\"de_DE\" \/>\n<meta property=\"og:type\" content=\"article\" \/>\n<meta property=\"og:title\" content=\"Ern\u00e4hrungs- &amp; Allergiew\u00fcnsche - Zusje - Bourgondisch genieten\u2026\" \/>\n<meta property=\"og:description\" content=\"Lass uns bitte bereits bei der Reservierung wissen, ob wir Allergien oder eine bestimmte Ern\u00e4hrungsform von dir ber\u00fccksichtigen m\u00fcssen. Unser &hellip;\" \/>\n<meta property=\"og:url\" content=\"https:\/\/zusje.nl\/de\/dieetwensen\/\" \/>\n<meta property=\"og:site_name\" content=\"Zusje\" \/>\n<meta property=\"article:modified_time\" content=\"2025-09-01T08:59:22+00:00\" \/>\n<meta name=\"twitter:card\" content=\"summary_large_image\" \/>\n<meta name=\"twitter:label1\" content=\"Gesch\u00e4tzte Lesezeit\" \/>\n\t<meta name=\"twitter:data1\" content=\"1\u00a0Minute\" \/>\n<script type=\"application\/ld+json\" class=\"yoast-schema-graph\">{\"@context\":\"https:\\\/\\\/schema.org\",\"@graph\":[{\"@type\":\"WebPage\",\"@id\":\"https:\\\/\\\/zusje.nl\\\/de\\\/dieetwensen\\\/\",\"url\":\"https:\\\/\\\/zusje.nl\\\/de\\\/dieetwensen\\\/\",\"name\":\"Ern\u00e4hrungs- & Allergiew\u00fcnsche - Zusje - Bourgondisch genieten\u2026\",\"isPartOf\":{\"@id\":\"https:\\\/\\\/zusje.nl\\\/de\\\/#website\"},\"datePublished\":\"2021-02-17T13:18:16+00:00\",\"dateModified\":\"2025-09-01T08:59:22+00:00\",\"inLanguage\":\"de\",\"potentialAction\":[{\"@type\":\"ReadAction\",\"target\":[\"https:\\\/\\\/zusje.nl\\\/de\\\/dieetwensen\\\/\"]}]},{\"@type\":\"WebSite\",\"@id\":\"https:\\\/\\\/zusje.nl\\\/de\\\/#website\",\"url\":\"https:\\\/\\\/zusje.nl\\\/de\\\/\",\"name\":\"Zusje\",\"description\":\"Bourgondisch genieten\u2026\",\"potentialAction\":[{\"@type\":\"SearchAction\",\"target\":{\"@type\":\"EntryPoint\",\"urlTemplate\":\"https:\\\/\\\/zusje.nl\\\/de\\\/?s={search_term_string}\"},\"query-input\":{\"@type\":\"PropertyValueSpecification\",\"valueRequired\":true,\"valueName\":\"search_term_string\"}}],\"inLanguage\":\"de\"}]}<\/script>\n<!-- \/ Yoast SEO plugin. -->","yoast_head_json":{"title":"Ern\u00e4hrungs- & Allergiew\u00fcnsche - Zusje - Bourgondisch genieten\u2026","robots":{"index":"index","follow":"follow","max-snippet":"max-snippet:-1","max-image-preview":"max-image-preview:large","max-video-preview":"max-video-preview:-1"},"canonical":"https:\/\/zusje.nl\/de\/dieetwensen\/","og_locale":"de_DE","og_type":"article","og_title":"Ern\u00e4hrungs- & Allergiew\u00fcnsche - Zusje - Bourgondisch genieten\u2026","og_description":"Lass uns bitte bereits bei der Reservierung wissen, ob wir Allergien oder eine bestimmte Ern\u00e4hrungsform von dir ber\u00fccksichtigen m\u00fcssen. Unser &hellip;","og_url":"https:\/\/zusje.nl\/de\/dieetwensen\/","og_site_name":"Zusje","article_modified_time":"2025-09-01T08:59:22+00:00","twitter_card":"summary_large_image","twitter_misc":{"Gesch\u00e4tzte Lesezeit":"1\u00a0Minute"},"schema":{"@context":"https:\/\/schema.org","@graph":[{"@type":"WebPage","@id":"https:\/\/zusje.nl\/de\/dieetwensen\/","url":"https:\/\/zusje.nl\/de\/dieetwensen\/","name":"Ern\u00e4hrungs- & Allergiew\u00fcnsche - Zusje - Bourgondisch genieten\u2026","isPartOf":{"@id":"https:\/\/zusje.nl\/de\/#website"},"datePublished":"2021-02-17T13:18:16+00:00","dateModified":"2025-09-01T08:59:22+00:00","inLanguage":"de","potentialAction":[{"@type":"ReadAction","target":["https:\/\/zusje.nl\/de\/dieetwensen\/"]}]},{"@type":"WebSite","@id":"https:\/\/zusje.nl\/de\/#website","url":"https:\/\/zusje.nl\/de\/","name":"Zusje","description":"Bourgondisch genieten\u2026","potentialAction":[{"@type":"SearchAction","target":{"@type":"EntryPoint","urlTemplate":"https:\/\/zusje.nl\/de\/?s={search_term_string}"},"query-input":{"@type":"PropertyValueSpecification","valueRequired":true,"valueName":"search_term_string"}}],"inLanguage":"de"}]}},"_links":{"self":[{"href":"https:\/\/zusje.nl\/de\/wp-json\/wp\/v2\/pages\/1374","targetHints":{"allow":["GET"]}}],"collection":[{"href":"https:\/\/zusje.nl\/de\/wp-json\/wp\/v2\/pages"}],"about":[{"href":"https:\/\/zusje.nl\/de\/wp-json\/wp\/v2\/types\/page"}],"author":[{"embeddable":true,"href":"https:\/\/zusje.nl\/de\/wp-json\/wp\/v2\/users\/1"}],"replies":[{"embeddable":true,"href":"https:\/\/zusje.nl\/de\/wp-json\/wp\/v2\/comments?post=1374"}],"version-history":[{"count":4,"href":"https:\/\/zusje.nl\/de\/wp-json\/wp\/v2\/pages\/1374\/revisions"}],"predecessor-version":[{"id":30323,"href":"https:\/\/zusje.nl\/de\/wp-json\/wp\/v2\/pages\/1374\/revisions\/30323"}],"wp:attachment":[{"href":"https:\/\/zusje.nl\/de\/wp-json\/wp\/v2\/media?parent=1374"}],"curies":[{"name":"wp","href":"https:\/\/api.w.org\/{rel}","templated":true}]}}