{"id":1372,"date":"2021-02-17T15:56:58","date_gmt":"2021-02-17T14:56:58","guid":{"rendered":"https:\/\/zusje.nl\/\/klaag-knuffelmuur\/"},"modified":"2025-09-01T12:10:04","modified_gmt":"2025-09-01T10:10:04","slug":"klaag-knuffelmuur","status":"publish","type":"page","link":"https:\/\/zusje.nl\/de\/klaag-knuffelmuur\/","title":{"rendered":"Dein Feedback z\u00e4hlt"},"content":{"rendered":"\n<p>Wir freuen uns riesig \u00fcber jedes Kompliment \u2013 und genauso \u00fcber ehrliches Feedback, wenn einmal etwas nicht so lief, wie du es dir gew\u00fcnscht hast. Teile deine Erfahrung gerne \u00fcber unser Formular oder schreib uns direkt an <a href=\"mailto:herz@zusje.de\">herz@zusje.de<\/a><\/p>\n\n\n\n<p><\/p>\n","protected":false},"excerpt":{"rendered":"<p>Wir freuen uns riesig \u00fcber jedes Kompliment \u2013 und genauso \u00fcber ehrliches Feedback, wenn einmal etwas nicht so lief, wie &hellip;<\/p>\n","protected":false},"author":1,"featured_media":0,"parent":0,"menu_order":0,"comment_status":"closed","ping_status":"closed","template":"tl-complain.php","meta":{"_acf_changed":false,"footnotes":""},"class_list":["post-1372","page","type-page","status-publish","hentry"],"acf":[],"yoast_head":"<!-- This site is optimized with the Yoast SEO plugin v27.3 - https:\/\/yoast.com\/product\/yoast-seo-wordpress\/ -->\n<title>Dein Feedback z\u00e4hlt - Zusje - Bourgondisch genieten\u2026<\/title>\n<meta name=\"robots\" content=\"index, follow, max-snippet:-1, max-image-preview:large, max-video-preview:-1\" \/>\n<link rel=\"canonical\" href=\"https:\/\/zusje.nl\/de\/klaag-knuffelmuur\/\" \/>\n<meta property=\"og:locale\" content=\"de_DE\" \/>\n<meta property=\"og:type\" content=\"article\" \/>\n<meta property=\"og:title\" content=\"Dein Feedback z\u00e4hlt - Zusje - Bourgondisch genieten\u2026\" \/>\n<meta property=\"og:description\" content=\"Wir freuen uns riesig \u00fcber jedes Kompliment \u2013 und genauso \u00fcber ehrliches Feedback, wenn einmal etwas nicht so lief, wie &hellip;\" \/>\n<meta property=\"og:url\" content=\"https:\/\/zusje.nl\/de\/klaag-knuffelmuur\/\" \/>\n<meta property=\"og:site_name\" content=\"Zusje\" \/>\n<meta property=\"article:modified_time\" content=\"2025-09-01T10:10:04+00:00\" \/>\n<meta name=\"twitter:card\" content=\"summary_large_image\" \/>\n<meta name=\"twitter:label1\" content=\"Gesch\u00e4tzte Lesezeit\" \/>\n\t<meta name=\"twitter:data1\" content=\"1\u00a0Minute\" \/>\n<script type=\"application\/ld+json\" class=\"yoast-schema-graph\">{\"@context\":\"https:\\\/\\\/schema.org\",\"@graph\":[{\"@type\":\"WebPage\",\"@id\":\"https:\\\/\\\/zusje.nl\\\/de\\\/klaag-knuffelmuur\\\/\",\"url\":\"https:\\\/\\\/zusje.nl\\\/de\\\/klaag-knuffelmuur\\\/\",\"name\":\"Dein Feedback z\u00e4hlt - Zusje - Bourgondisch genieten\u2026\",\"isPartOf\":{\"@id\":\"https:\\\/\\\/zusje.nl\\\/de\\\/#website\"},\"datePublished\":\"2021-02-17T14:56:58+00:00\",\"dateModified\":\"2025-09-01T10:10:04+00:00\",\"inLanguage\":\"de\",\"potentialAction\":[{\"@type\":\"ReadAction\",\"target\":[\"https:\\\/\\\/zusje.nl\\\/de\\\/klaag-knuffelmuur\\\/\"]}]},{\"@type\":\"WebSite\",\"@id\":\"https:\\\/\\\/zusje.nl\\\/de\\\/#website\",\"url\":\"https:\\\/\\\/zusje.nl\\\/de\\\/\",\"name\":\"Zusje\",\"description\":\"Bourgondisch genieten\u2026\",\"potentialAction\":[{\"@type\":\"SearchAction\",\"target\":{\"@type\":\"EntryPoint\",\"urlTemplate\":\"https:\\\/\\\/zusje.nl\\\/de\\\/?s={search_term_string}\"},\"query-input\":{\"@type\":\"PropertyValueSpecification\",\"valueRequired\":true,\"valueName\":\"search_term_string\"}}],\"inLanguage\":\"de\"}]}<\/script>\n<!-- \/ Yoast SEO plugin. -->","yoast_head_json":{"title":"Dein Feedback z\u00e4hlt - Zusje - Bourgondisch genieten\u2026","robots":{"index":"index","follow":"follow","max-snippet":"max-snippet:-1","max-image-preview":"max-image-preview:large","max-video-preview":"max-video-preview:-1"},"canonical":"https:\/\/zusje.nl\/de\/klaag-knuffelmuur\/","og_locale":"de_DE","og_type":"article","og_title":"Dein Feedback z\u00e4hlt - Zusje - Bourgondisch genieten\u2026","og_description":"Wir freuen uns riesig \u00fcber jedes Kompliment \u2013 und genauso \u00fcber ehrliches Feedback, wenn einmal etwas nicht so lief, wie &hellip;","og_url":"https:\/\/zusje.nl\/de\/klaag-knuffelmuur\/","og_site_name":"Zusje","article_modified_time":"2025-09-01T10:10:04+00:00","twitter_card":"summary_large_image","twitter_misc":{"Gesch\u00e4tzte Lesezeit":"1\u00a0Minute"},"schema":{"@context":"https:\/\/schema.org","@graph":[{"@type":"WebPage","@id":"https:\/\/zusje.nl\/de\/klaag-knuffelmuur\/","url":"https:\/\/zusje.nl\/de\/klaag-knuffelmuur\/","name":"Dein Feedback z\u00e4hlt - Zusje - Bourgondisch genieten\u2026","isPartOf":{"@id":"https:\/\/zusje.nl\/de\/#website"},"datePublished":"2021-02-17T14:56:58+00:00","dateModified":"2025-09-01T10:10:04+00:00","inLanguage":"de","potentialAction":[{"@type":"ReadAction","target":["https:\/\/zusje.nl\/de\/klaag-knuffelmuur\/"]}]},{"@type":"WebSite","@id":"https:\/\/zusje.nl\/de\/#website","url":"https:\/\/zusje.nl\/de\/","name":"Zusje","description":"Bourgondisch genieten\u2026","potentialAction":[{"@type":"SearchAction","target":{"@type":"EntryPoint","urlTemplate":"https:\/\/zusje.nl\/de\/?s={search_term_string}"},"query-input":{"@type":"PropertyValueSpecification","valueRequired":true,"valueName":"search_term_string"}}],"inLanguage":"de"}]}},"_links":{"self":[{"href":"https:\/\/zusje.nl\/de\/wp-json\/wp\/v2\/pages\/1372","targetHints":{"allow":["GET"]}}],"collection":[{"href":"https:\/\/zusje.nl\/de\/wp-json\/wp\/v2\/pages"}],"about":[{"href":"https:\/\/zusje.nl\/de\/wp-json\/wp\/v2\/types\/page"}],"author":[{"embeddable":true,"href":"https:\/\/zusje.nl\/de\/wp-json\/wp\/v2\/users\/1"}],"replies":[{"embeddable":true,"href":"https:\/\/zusje.nl\/de\/wp-json\/wp\/v2\/comments?post=1372"}],"version-history":[{"count":3,"href":"https:\/\/zusje.nl\/de\/wp-json\/wp\/v2\/pages\/1372\/revisions"}],"predecessor-version":[{"id":30343,"href":"https:\/\/zusje.nl\/de\/wp-json\/wp\/v2\/pages\/1372\/revisions\/30343"}],"wp:attachment":[{"href":"https:\/\/zusje.nl\/de\/wp-json\/wp\/v2\/media?parent=1372"}],"curies":[{"name":"wp","href":"https:\/\/api.w.org\/{rel}","templated":true}]}}