{"id":1370,"date":"2021-02-17T13:56:24","date_gmt":"2021-02-17T12:56:24","guid":{"rendered":"https:\/\/zusje.nl\/\/home\/"},"modified":"2025-09-01T10:21:36","modified_gmt":"2025-09-01T08:21:36","slug":"home","status":"publish","type":"page","link":"https:\/\/zusje.nl\/de\/","title":{"rendered":"Home"},"content":{"rendered":"\n<p>Zusje hei\u00dft \u00fcbersetzt \u201edie kleine Schwester\u201c \u2013 und genau so m\u00f6chten wir f\u00fcr dich sein: nah, vertraut und voller Herzlichkeit.<br>Bei uns erwarten dich kleine, frisch zubereitete tapas-artige Gerichte, die du in gem\u00fctlicher Atmosph\u00e4re mit den Menschen, die dir wichtig sind,<br>Lehn dich zur\u00fcck, genie\u00dfe den Moment \u2013 um den Rest k\u00fcmmern wir uns. \ud83d\udc9b<\/p>\n\n\n\n<p><\/p>\n","protected":false},"excerpt":{"rendered":"<p>Zusje hei\u00dft \u00fcbersetzt \u201edie kleine Schwester\u201c \u2013 und genau so m\u00f6chten wir f\u00fcr dich sein: nah, vertraut und voller Herzlichkeit.Bei &hellip;<\/p>\n","protected":false},"author":1,"featured_media":0,"parent":0,"menu_order":0,"comment_status":"closed","ping_status":"closed","template":"tl-home.php","meta":{"_acf_changed":false,"footnotes":""},"class_list":["post-1370","page","type-page","status-publish","hentry"],"acf":[],"yoast_head":"<!-- This site is optimized with the Yoast SEO plugin v27.3 - https:\/\/yoast.com\/product\/yoast-seo-wordpress\/ -->\n<title>Zusje - Bourgondisch genieten\u2026<\/title>\n<meta name=\"robots\" content=\"index, follow, max-snippet:-1, max-image-preview:large, max-video-preview:-1\" \/>\n<link rel=\"canonical\" href=\"https:\/\/zusje.nl\/de\/\" \/>\n<meta property=\"og:locale\" content=\"de_DE\" \/>\n<meta property=\"og:type\" content=\"article\" \/>\n<meta property=\"og:title\" content=\"Zusje - Bourgondisch genieten\u2026\" \/>\n<meta property=\"og:description\" content=\"Zusje hei\u00dft \u00fcbersetzt \u201edie kleine Schwester\u201c \u2013 und genau so m\u00f6chten wir f\u00fcr dich sein: nah, vertraut und voller Herzlichkeit.Bei &hellip;\" \/>\n<meta property=\"og:url\" content=\"https:\/\/zusje.nl\/de\/\" \/>\n<meta property=\"og:site_name\" content=\"Zusje\" \/>\n<meta property=\"article:modified_time\" content=\"2025-09-01T08:21:36+00:00\" \/>\n<meta name=\"twitter:card\" content=\"summary_large_image\" \/>\n<meta name=\"twitter:label1\" content=\"Gesch\u00e4tzte Lesezeit\" \/>\n\t<meta name=\"twitter:data1\" content=\"1\u00a0Minute\" \/>\n<script type=\"application\/ld+json\" class=\"yoast-schema-graph\">{\"@context\":\"https:\\\/\\\/schema.org\",\"@graph\":[{\"@type\":\"WebPage\",\"@id\":\"https:\\\/\\\/zusje.nl\\\/de\\\/\",\"url\":\"https:\\\/\\\/zusje.nl\\\/de\\\/\",\"name\":\"Zusje - Bourgondisch genieten\u2026\",\"isPartOf\":{\"@id\":\"https:\\\/\\\/zusje.nl\\\/de\\\/#website\"},\"datePublished\":\"2021-02-17T12:56:24+00:00\",\"dateModified\":\"2025-09-01T08:21:36+00:00\",\"inLanguage\":\"de\",\"potentialAction\":[{\"@type\":\"ReadAction\",\"target\":[\"https:\\\/\\\/zusje.nl\\\/de\\\/\"]}]},{\"@type\":\"WebSite\",\"@id\":\"https:\\\/\\\/zusje.nl\\\/de\\\/#website\",\"url\":\"https:\\\/\\\/zusje.nl\\\/de\\\/\",\"name\":\"Zusje\",\"description\":\"Bourgondisch genieten\u2026\",\"potentialAction\":[{\"@type\":\"SearchAction\",\"target\":{\"@type\":\"EntryPoint\",\"urlTemplate\":\"https:\\\/\\\/zusje.nl\\\/de\\\/?s={search_term_string}\"},\"query-input\":{\"@type\":\"PropertyValueSpecification\",\"valueRequired\":true,\"valueName\":\"search_term_string\"}}],\"inLanguage\":\"de\"}]}<\/script>\n<!-- \/ Yoast SEO plugin. -->","yoast_head_json":{"title":"Zusje - Bourgondisch genieten\u2026","robots":{"index":"index","follow":"follow","max-snippet":"max-snippet:-1","max-image-preview":"max-image-preview:large","max-video-preview":"max-video-preview:-1"},"canonical":"https:\/\/zusje.nl\/de\/","og_locale":"de_DE","og_type":"article","og_title":"Zusje - Bourgondisch genieten\u2026","og_description":"Zusje hei\u00dft \u00fcbersetzt \u201edie kleine Schwester\u201c \u2013 und genau so m\u00f6chten wir f\u00fcr dich sein: nah, vertraut und voller Herzlichkeit.Bei &hellip;","og_url":"https:\/\/zusje.nl\/de\/","og_site_name":"Zusje","article_modified_time":"2025-09-01T08:21:36+00:00","twitter_card":"summary_large_image","twitter_misc":{"Gesch\u00e4tzte Lesezeit":"1\u00a0Minute"},"schema":{"@context":"https:\/\/schema.org","@graph":[{"@type":"WebPage","@id":"https:\/\/zusje.nl\/de\/","url":"https:\/\/zusje.nl\/de\/","name":"Zusje - Bourgondisch genieten\u2026","isPartOf":{"@id":"https:\/\/zusje.nl\/de\/#website"},"datePublished":"2021-02-17T12:56:24+00:00","dateModified":"2025-09-01T08:21:36+00:00","inLanguage":"de","potentialAction":[{"@type":"ReadAction","target":["https:\/\/zusje.nl\/de\/"]}]},{"@type":"WebSite","@id":"https:\/\/zusje.nl\/de\/#website","url":"https:\/\/zusje.nl\/de\/","name":"Zusje","description":"Bourgondisch genieten\u2026","potentialAction":[{"@type":"SearchAction","target":{"@type":"EntryPoint","urlTemplate":"https:\/\/zusje.nl\/de\/?s={search_term_string}"},"query-input":{"@type":"PropertyValueSpecification","valueRequired":true,"valueName":"search_term_string"}}],"inLanguage":"de"}]}},"_links":{"self":[{"href":"https:\/\/zusje.nl\/de\/wp-json\/wp\/v2\/pages\/1370","targetHints":{"allow":["GET"]}}],"collection":[{"href":"https:\/\/zusje.nl\/de\/wp-json\/wp\/v2\/pages"}],"about":[{"href":"https:\/\/zusje.nl\/de\/wp-json\/wp\/v2\/types\/page"}],"author":[{"embeddable":true,"href":"https:\/\/zusje.nl\/de\/wp-json\/wp\/v2\/users\/1"}],"replies":[{"embeddable":true,"href":"https:\/\/zusje.nl\/de\/wp-json\/wp\/v2\/comments?post=1370"}],"version-history":[{"count":6,"href":"https:\/\/zusje.nl\/de\/wp-json\/wp\/v2\/pages\/1370\/revisions"}],"predecessor-version":[{"id":30317,"href":"https:\/\/zusje.nl\/de\/wp-json\/wp\/v2\/pages\/1370\/revisions\/30317"}],"wp:attachment":[{"href":"https:\/\/zusje.nl\/de\/wp-json\/wp\/v2\/media?parent=1370"}],"curies":[{"name":"wp","href":"https:\/\/api.w.org\/{rel}","templated":true}]}}